{"id":95,"date":"2018-06-18T06:57:36","date_gmt":"2018-06-18T04:57:36","guid":{"rendered":"https:\/\/local.etivaz-aop.ch\/?page_id=95"},"modified":"2026-01-04T14:16:15","modified_gmt":"2026-01-04T13:16:15","slug":"home","status":"publish","type":"page","link":"https:\/\/etivaz-aop.ch\/en\/accueil\/","title":{"rendered":"Homepage"},"content":{"rendered":"<div data-elementor-type=\"wp-page\" data-elementor-id=\"95\" class=\"elementor elementor-95\" data-elementor-post-type=\"page\">\n\t\t\t\t\t\t<section class=\"elementor-section elementor-top-section elementor-element elementor-element-a584ef8 elementor-section-content-middle elementor-reverse-mobile elementor-section-boxed elementor-section-height-default elementor-section-height-default\" data-id=\"a584ef8\" data-element_type=\"section\" data-e-type=\"section\" data-settings=\"{&quot;background_background&quot;:&quot;gradient&quot;}\">\n\t\t\t\t\t\t\t<div class=\"elementor-background-overlay\"><\/div>\n\t\t\t\t\t\t\t<div class=\"elementor-container elementor-column-gap-default\">\n\t\t\t\t\t<div class=\"elementor-column elementor-col-50 elementor-top-column elementor-element elementor-element-b7bcb4e\" data-id=\"b7bcb4e\" data-element_type=\"column\" data-e-type=\"column\">\n\t\t\t<div class=\"elementor-widget-wrap elementor-element-populated\">\n\t\t\t\t\t\t<div class=\"elementor-element elementor-element-b9d7191 elementor-widget elementor-widget-image\" data-id=\"b9d7191\" data-element_type=\"widget\" data-e-type=\"widget\" data-widget_type=\"image.default\">\n\t\t\t\t<div class=\"elementor-widget-container\">\n\t\t\t\t\t\t\t\t\t\t\t\t\t\t\t<img fetchpriority=\"high\" decoding=\"async\" width=\"1024\" height=\"683\" src=\"https:\/\/etivaz-aop.ch\/wp-content\/uploads\/2021\/05\/191205_ETIVAZ_produits0583-1-1024x683.jpg\" class=\"attachment-large size-large wp-image-5245\" alt=\"L&#039;Etivaz PDO Assortment\" srcset=\"https:\/\/etivaz-aop.ch\/wp-content\/uploads\/2021\/05\/191205_ETIVAZ_produits0583-1-1024x683.jpg 1024w, https:\/\/etivaz-aop.ch\/wp-content\/uploads\/2021\/05\/191205_ETIVAZ_produits0583-1-300x200.jpg 300w, https:\/\/etivaz-aop.ch\/wp-content\/uploads\/2021\/05\/191205_ETIVAZ_produits0583-1-768x512.jpg 768w, https:\/\/etivaz-aop.ch\/wp-content\/uploads\/2021\/05\/191205_ETIVAZ_produits0583-1-1536x1024.jpg 1536w, https:\/\/etivaz-aop.ch\/wp-content\/uploads\/2021\/05\/191205_ETIVAZ_produits0583-1-2048x1366.jpg 2048w, https:\/\/etivaz-aop.ch\/wp-content\/uploads\/2021\/05\/191205_ETIVAZ_produits0583-1-600x400.jpg 600w\" sizes=\"(max-width: 1024px) 100vw, 1024px\" \/>\t\t\t\t\t\t\t\t\t\t\t\t\t\t\t<\/div>\n\t\t\t\t<\/div>\n\t\t\t\t\t<\/div>\n\t\t<\/div>\n\t\t\t\t<div class=\"elementor-column elementor-col-50 elementor-top-column elementor-element elementor-element-39d5465\" data-id=\"39d5465\" data-element_type=\"column\" data-e-type=\"column\">\n\t\t\t<div class=\"elementor-widget-wrap elementor-element-populated\">\n\t\t\t\t\t\t<div class=\"elementor-element elementor-element-8c51def elementor-widget elementor-widget-heading\" data-id=\"8c51def\" data-element_type=\"widget\" data-e-type=\"widget\" data-widget_type=\"heading.default\">\n\t\t\t\t<div class=\"elementor-widget-container\">\n\t\t\t\t\t<h1 class=\"elementor-heading-title elementor-size-default\">Welcome to our online shop!<\/h1>\t\t\t\t<\/div>\n\t\t\t\t<\/div>\n\t\t\t\t<section class=\"elementor-section elementor-inner-section elementor-element elementor-element-f6dcef6 elementor-section-boxed elementor-section-height-default elementor-section-height-default\" data-id=\"f6dcef6\" data-element_type=\"section\" data-e-type=\"section\">\n\t\t\t\t\t\t<div class=\"elementor-container elementor-column-gap-default\">\n\t\t\t\t\t<div class=\"elementor-column elementor-col-100 elementor-inner-column elementor-element elementor-element-a9135ba\" data-id=\"a9135ba\" data-element_type=\"column\" data-e-type=\"column\">\n\t\t\t<div class=\"elementor-widget-wrap elementor-element-populated\">\n\t\t\t\t\t\t<div class=\"elementor-element elementor-element-ba0aafc elementor-widget elementor-widget-text-editor\" data-id=\"ba0aafc\" data-element_type=\"widget\" data-e-type=\"widget\" data-widget_type=\"text-editor.default\">\n\t\t\t\t<div class=\"elementor-widget-container\">\n\t\t\t\t\t\t\t\t\t<h4>It's finally here! All the \"L'Etivaz AOP\" products just a click away!<\/h4><p>Totally addicted to L'Etivaz PDO? <br \/>Thanks to the shop, you can dress up in the effigy of your favourite Alpine cheese and discover new specialities and exclusive offers!<\/p><p><img decoding=\"async\" class=\"alignnone wp-image-5263\" src=\"https:\/\/etivaz-aop.ch\/wp-content\/uploads\/2021\/05\/Coeur-2-300x254.png\" alt=\"\" width=\"35\" height=\"30\" srcset=\"https:\/\/etivaz-aop.ch\/wp-content\/uploads\/2021\/05\/Coeur-2-300x254.png 300w, https:\/\/etivaz-aop.ch\/wp-content\/uploads\/2021\/05\/Coeur-2-600x508.png 600w, https:\/\/etivaz-aop.ch\/wp-content\/uploads\/2021\/05\/Coeur-2.png 700w\" sizes=\"(max-width: 35px) 100vw, 35px\" \/> Did you know? Etivaz PDO is guaranteed lactose-free and is very rich in Omega 3... so as well as being deliciously unique, it's YOUR healthy choice!<\/p><div>Thank you for your confidence and enjoy your shopping!<a href=\"http:\/\/thenounproject.com\"><img decoding=\"async\" class=\"alignnone wp-image-5249\" src=\"https:\/\/etivaz-aop.ch\/wp-content\/uploads\/2021\/05\/sac_shopping_coeur-244x300.png\" alt=\"\" width=\"46\" height=\"56\" srcset=\"https:\/\/etivaz-aop.ch\/wp-content\/uploads\/2021\/05\/sac_shopping_coeur-244x300.png 244w, https:\/\/etivaz-aop.ch\/wp-content\/uploads\/2021\/05\/sac_shopping_coeur.png 483w\" sizes=\"(max-width: 46px) 100vw, 46px\" \/><\/a><\/div><div>\u00a0<\/div><div>#etivazaop #etivaddict #etivatable #etivattitude<\/div><div>\u00a0<\/div>\t\t\t\t\t\t\t\t<\/div>\n\t\t\t\t<\/div>\n\t\t\t\t<div class=\"elementor-element elementor-element-af191b4 elementor-widget elementor-widget-button\" data-id=\"af191b4\" data-element_type=\"widget\" data-e-type=\"widget\" data-widget_type=\"button.default\">\n\t\t\t\t<div class=\"elementor-widget-container\">\n\t\t\t\t\t\t\t\t\t<div class=\"elementor-button-wrapper\">\n\t\t\t\t\t<a class=\"elementor-button elementor-button-link elementor-size-sm\" href=\"http:\/\/www.etivaz-aop.ch\" target=\"_blank\">\n\t\t\t\t\t\t<span class=\"elementor-button-content-wrapper\">\n\t\t\t\t\t\t\t\t\t<span class=\"elementor-button-text\">to the website<\/span>\n\t\t\t\t\t<\/span>\n\t\t\t\t\t<\/a>\n\t\t\t\t<\/div>\n\t\t\t\t\t\t\t\t<\/div>\n\t\t\t\t<\/div>\n\t\t\t\t\t<\/div>\n\t\t<\/div>\n\t\t\t\t\t<\/div>\n\t\t<\/section>\n\t\t\t\t<section class=\"elementor-section elementor-inner-section elementor-element elementor-element-cd32c4c elementor-section-boxed elementor-section-height-default elementor-section-height-default\" data-id=\"cd32c4c\" data-element_type=\"section\" data-e-type=\"section\">\n\t\t\t\t\t\t<div class=\"elementor-container elementor-column-gap-default\">\n\t\t\t\t\t<div class=\"elementor-column elementor-col-50 elementor-inner-column elementor-element elementor-element-99147a8\" data-id=\"99147a8\" data-element_type=\"column\" data-e-type=\"column\">\n\t\t\t<div class=\"elementor-widget-wrap\">\n\t\t\t\t\t\t\t<\/div>\n\t\t<\/div>\n\t\t\t\t<div class=\"elementor-column elementor-col-50 elementor-inner-column elementor-element elementor-element-1fa4c0f\" data-id=\"1fa4c0f\" data-element_type=\"column\" data-e-type=\"column\">\n\t\t\t<div class=\"elementor-widget-wrap\">\n\t\t\t\t\t\t\t<\/div>\n\t\t<\/div>\n\t\t\t\t\t<\/div>\n\t\t<\/section>\n\t\t\t\t\t<\/div>\n\t\t<\/div>\n\t\t\t\t\t<\/div>\n\t\t<\/section>\n\t\t\t\t<section class=\"elementor-section elementor-top-section elementor-element elementor-element-3634f3d background-logo elementor-section-boxed elementor-section-height-default elementor-section-height-default\" data-id=\"3634f3d\" data-element_type=\"section\" data-e-type=\"section\" data-settings=\"{&quot;background_background&quot;:&quot;classic&quot;}\">\n\t\t\t\t\t\t\t<div class=\"elementor-background-overlay\"><\/div>\n\t\t\t\t\t\t\t<div class=\"elementor-container elementor-column-gap-default\">\n\t\t\t\t\t<div class=\"elementor-column elementor-col-33 elementor-top-column elementor-element elementor-element-a2e95a1\" data-id=\"a2e95a1\" data-element_type=\"column\" data-e-type=\"column\" data-settings=\"{&quot;background_background&quot;:&quot;classic&quot;}\">\n\t\t\t<div class=\"elementor-widget-wrap elementor-element-populated\">\n\t\t\t\t\t\t<div class=\"elementor-element elementor-element-2bfcd85 elementor-widget elementor-widget-image\" data-id=\"2bfcd85\" data-element_type=\"widget\" data-e-type=\"widget\" data-widget_type=\"image.default\">\n\t\t\t\t<div class=\"elementor-widget-container\">\n\t\t\t\t\t\t\t\t\t\t\t\t\t\t\t<img decoding=\"async\" src=\"https:\/\/etivaz-aop.ch\/wp-content\/plugins\/elementor\/assets\/images\/placeholder.png\" title=\"\" alt=\"\" loading=\"lazy\" \/>\t\t\t\t\t\t\t\t\t\t\t\t\t\t\t<\/div>\n\t\t\t\t<\/div>\n\t\t\t\t\t<\/div>\n\t\t<\/div>\n\t\t\t\t<div class=\"elementor-column elementor-col-33 elementor-top-column elementor-element elementor-element-70a75e4\" data-id=\"70a75e4\" data-element_type=\"column\" data-e-type=\"column\" data-settings=\"{&quot;background_background&quot;:&quot;classic&quot;}\">\n\t\t\t<div class=\"elementor-widget-wrap elementor-element-populated\">\n\t\t\t\t\t\t<div class=\"elementor-element elementor-element-40c743e elementor-widget elementor-widget-heading\" data-id=\"40c743e\" data-element_type=\"widget\" data-e-type=\"widget\" data-widget_type=\"heading.default\">\n\t\t\t\t<div class=\"elementor-widget-container\">\n\t\t\t\t\t<h4 class=\"elementor-heading-title elementor-size-default\">Refrigerated or secure shipping<\/h4>\t\t\t\t<\/div>\n\t\t\t\t<\/div>\n\t\t\t\t<div class=\"elementor-element elementor-element-d488aef elementor-widget elementor-widget-text-editor\" data-id=\"d488aef\" data-element_type=\"widget\" data-e-type=\"widget\" data-widget_type=\"text-editor.default\">\n\t\t\t\t<div class=\"elementor-widget-container\">\n\t\t\t\t\t\t\t\t\t<p>Fondues and grated cheeses are sent in refrigerated parcels. Cheese products are sent in priority parcels and wrapped in insulating paper.<\/p>\t\t\t\t\t\t\t\t<\/div>\n\t\t\t\t<\/div>\n\t\t\t\t\t<\/div>\n\t\t<\/div>\n\t\t\t\t<div class=\"elementor-column elementor-col-33 elementor-top-column elementor-element elementor-element-a72e9d0\" data-id=\"a72e9d0\" data-element_type=\"column\" data-e-type=\"column\" data-settings=\"{&quot;background_background&quot;:&quot;classic&quot;}\">\n\t\t\t<div class=\"elementor-widget-wrap elementor-element-populated\">\n\t\t\t\t\t\t<div class=\"elementor-element elementor-element-75e0265 elementor-widget elementor-widget-heading\" data-id=\"75e0265\" data-element_type=\"widget\" data-e-type=\"widget\" data-widget_type=\"heading.default\">\n\t\t\t\t<div class=\"elementor-widget-container\">\n\t\t\t\t\t<h4 class=\"elementor-heading-title elementor-size-default\">Cheese produced over a wood fire<\/h4>\t\t\t\t<\/div>\n\t\t\t\t<\/div>\n\t\t\t\t<div class=\"elementor-element elementor-element-8d2c671 elementor-widget elementor-widget-text-editor\" data-id=\"8d2c671\" data-element_type=\"widget\" data-e-type=\"widget\" data-widget_type=\"text-editor.default\">\n\t\t\t\t<div class=\"elementor-widget-container\">\n\t\t\t\t\t\t\t\t\t<p>L'Etivaz PDO is a cheese made exclusively in the alpine pastures during the summer, using only wood fires. The cows are fed fresh grass from the pastures, which gives the milk a flowery flavour that is passed on to L'Etivaz PDO cheese.<\/p>\t\t\t\t\t\t\t\t<\/div>\n\t\t\t\t<\/div>\n\t\t\t\t\t<\/div>\n\t\t<\/div>\n\t\t\t\t\t<\/div>\n\t\t<\/section>\n\t\t\t\t<section class=\"elementor-section elementor-top-section elementor-element elementor-element-5031d75 featured-products home-featured-products elementor-section-boxed elementor-section-height-default elementor-section-height-default\" data-id=\"5031d75\" data-element_type=\"section\" data-e-type=\"section\" data-settings=\"{&quot;background_background&quot;:&quot;classic&quot;}\">\n\t\t\t\t\t\t\t<div class=\"elementor-background-overlay\"><\/div>\n\t\t\t\t\t\t\t<div class=\"elementor-container elementor-column-gap-default\">\n\t\t\t\t\t<div class=\"elementor-column elementor-col-100 elementor-top-column elementor-element elementor-element-155bf24\" data-id=\"155bf24\" data-element_type=\"column\" data-e-type=\"column\">\n\t\t\t<div class=\"elementor-widget-wrap elementor-element-populated\">\n\t\t\t\t\t\t<div class=\"elementor-element elementor-element-e3141d4 elementor-widget elementor-widget-heading\" data-id=\"e3141d4\" data-element_type=\"widget\" data-e-type=\"widget\" data-widget_type=\"heading.default\">\n\t\t\t\t<div class=\"elementor-widget-container\">\n\t\t\t\t\t<h2 class=\"elementor-heading-title elementor-size-default\">Our favourites<\/h2>\t\t\t\t<\/div>\n\t\t\t\t<\/div>\n\t\t\t\t<div class=\"elementor-element elementor-element-71c3b8d elementor-widget elementor-widget-shortcode\" data-id=\"71c3b8d\" data-element_type=\"widget\" data-e-type=\"widget\" data-widget_type=\"shortcode.default\">\n\t\t\t\t<div class=\"elementor-widget-container\">\n\t\t\t\t\t\t\t<div class=\"elementor-shortcode\"><div class=\"woocommerce columns-4\"><ul class=\"products columns-4\">\n<li class=\"desktop-align-center tablet-align-center mobile-align-center product type-product post-4474 status-publish first instock product_cat-fromages product_cat-letivaz-aop-conventionnel has-post-thumbnail featured taxable shipping-taxable purchasable product-type-variable woopt_\">\n\t<a href=\"https:\/\/etivaz-aop.ch\/en\/produit\/letivaz-aop-doux\/\" class=\"woocommerce-LoopProduct-link woocommerce-loop-product__link\"><img loading=\"lazy\" decoding=\"async\" width=\"300\" height=\"300\" src=\"https:\/\/etivaz-aop.ch\/wp-content\/uploads\/2021\/02\/etivaz_2679_portion_doux-scaled-1-300x300.jpg\" class=\"attachment-woocommerce_thumbnail size-woocommerce_thumbnail\" alt=\"L&#039;Etivaz AOP Doux ( 4.5 to 6 months)\" srcset=\"https:\/\/etivaz-aop.ch\/wp-content\/uploads\/2021\/02\/etivaz_2679_portion_doux-scaled-1-300x300.jpg 300w, https:\/\/etivaz-aop.ch\/wp-content\/uploads\/2021\/02\/etivaz_2679_portion_doux-scaled-1-150x150.jpg 150w, https:\/\/etivaz-aop.ch\/wp-content\/uploads\/2021\/02\/etivaz_2679_portion_doux-scaled-1-100x100.jpg 100w\" sizes=\"(max-width: 300px) 100vw, 300px\" \/><h2 class=\"woocommerce-loop-product__title\">L'Etivaz AOP Doux ( 4.5 to 6 months)<\/h2>\n\t<span class=\"price\">From <span class=\"woocommerce-Price-amount amount\"><bdi><span class=\"woocommerce-Price-currencySymbol\">Swiss franc<\/span>7.80<\/bdi><\/span><\/span>\n<\/a><a href=\"https:\/\/etivaz-aop.ch\/en\/produit\/letivaz-aop-doux\/\" aria-describedby=\"woocommerce_loop_add_to_cart_link_describedby_4474\" data-quantity=\"1\" class=\"button product_type_variable add_to_cart_button\" data-product_id=\"4474\" data-product_sku=\"\" aria-label=\"Select options for \u201cL&#039;Etivaz AOP Doux ( 4.5 \u00e0 6 mois)\u201d\" rel=\"nofollow\" data-no-translation=\"\" data-trp-gettext=\"\" data-no-translation-aria-label=\"\">Select options<\/a>\t<span id=\"woocommerce_loop_add_to_cart_link_describedby_4474\" class=\"screen-reader-text\">\n\t\tThis product has multiple variants. The options may be chosen on the product page\t<\/span>\n<div class=\"woocommerce-product-details__short-description\">Etivaz AOP Doux is matured for a minimum of 135 days and a maximum of 6 months.<\/div><\/li>\n<li class=\"desktop-align-center tablet-align-center mobile-align-center product type-product post-12278 status-publish outofstock product_cat-fromages product_cat-letivaz-aop-conventionnel has-post-thumbnail featured taxable shipping-taxable purchasable product-type-variable woopt_\">\n\t<a href=\"https:\/\/etivaz-aop.ch\/en\/produit\/letivaz-aop-bio-floral-6-a-environ-11-mois\/\" class=\"woocommerce-LoopProduct-link woocommerce-loop-product__link\"><img loading=\"lazy\" decoding=\"async\" width=\"300\" height=\"300\" src=\"https:\/\/etivaz-aop.ch\/wp-content\/uploads\/2024\/12\/etivaz_2680_portion_BIOfloral_2024-300x300.jpg\" class=\"attachment-woocommerce_thumbnail size-woocommerce_thumbnail\" alt=\"L&#039;Etivaz AOP BIO Floral (6 to around 11 months)\" srcset=\"https:\/\/etivaz-aop.ch\/wp-content\/uploads\/2024\/12\/etivaz_2680_portion_BIOfloral_2024-300x300.jpg 300w, https:\/\/etivaz-aop.ch\/wp-content\/uploads\/2024\/12\/etivaz_2680_portion_BIOfloral_2024-150x150.jpg 150w, https:\/\/etivaz-aop.ch\/wp-content\/uploads\/2024\/12\/etivaz_2680_portion_BIOfloral_2024-100x100.jpg 100w\" sizes=\"(max-width: 300px) 100vw, 300px\" \/><h2 class=\"woocommerce-loop-product__title\">L'Etivaz AOP BIO Floral (6 to around 11 months)<\/h2>\n\t<span class=\"price\">From <span class=\"woocommerce-Price-amount amount\"><bdi><span class=\"woocommerce-Price-currencySymbol\">Swiss franc<\/span>8.00<\/bdi><\/span><\/span>\n<\/a><a href=\"https:\/\/etivaz-aop.ch\/en\/produit\/letivaz-aop-bio-floral-6-a-environ-11-mois\/\" aria-describedby=\"woocommerce_loop_add_to_cart_link_describedby_12278\" data-quantity=\"1\" class=\"button product_type_variable\" data-product_id=\"12278\" data-product_sku=\"\" aria-label=\"Select options for \u201cL&#039;Etivaz AOP BIO Floral  (6 \u00e0 environ 11 mois)\u201d\" rel=\"nofollow\" data-no-translation=\"\" data-trp-gettext=\"\" data-no-translation-aria-label=\"\">Select options<\/a>\t<span id=\"woocommerce_loop_add_to_cart_link_describedby_12278\" class=\"screen-reader-text\">\n\t\tThis product has multiple variants. The options may be chosen on the product page\t<\/span>\n<div class=\"woocommerce-product-details__short-description\">Etivaz PDO BIO Floral is matured for 6 to around 11 months.<\/div><\/li>\n<li class=\"desktop-align-center tablet-align-center mobile-align-center product type-product post-4546 status-publish instock product_cat-fromages product_cat-letivaz-aop-conventionnel has-post-thumbnail featured taxable shipping-taxable purchasable product-type-variable woopt_\">\n\t<a href=\"https:\/\/etivaz-aop.ch\/en\/produit\/letivaz-aop-floral\/\" class=\"woocommerce-LoopProduct-link woocommerce-loop-product__link\"><img loading=\"lazy\" decoding=\"async\" width=\"300\" height=\"300\" src=\"https:\/\/etivaz-aop.ch\/wp-content\/uploads\/2021\/02\/etivaz_2680_portion_floral_2024-300x300.jpg\" class=\"attachment-woocommerce_thumbnail size-woocommerce_thumbnail\" alt=\"Etivaz PDO Floral\" srcset=\"https:\/\/etivaz-aop.ch\/wp-content\/uploads\/2021\/02\/etivaz_2680_portion_floral_2024-300x300.jpg 300w, https:\/\/etivaz-aop.ch\/wp-content\/uploads\/2021\/02\/etivaz_2680_portion_floral_2024-150x150.jpg 150w, https:\/\/etivaz-aop.ch\/wp-content\/uploads\/2021\/02\/etivaz_2680_portion_floral_2024-100x100.jpg 100w\" sizes=\"(max-width: 300px) 100vw, 300px\" \/><h2 class=\"woocommerce-loop-product__title\">L'Etivaz AOP Floral (6 to around 11 months)<\/h2>\n\t<span class=\"price\">From <span class=\"woocommerce-Price-amount amount\"><bdi><span class=\"woocommerce-Price-currencySymbol\">Swiss franc<\/span>8.00<\/bdi><\/span><\/span>\n<\/a><a href=\"https:\/\/etivaz-aop.ch\/en\/produit\/letivaz-aop-floral\/\" aria-describedby=\"woocommerce_loop_add_to_cart_link_describedby_4546\" data-quantity=\"1\" class=\"button product_type_variable add_to_cart_button\" data-product_id=\"4546\" data-product_sku=\"\" aria-label=\"Select options for \u201cL&#039;Etivaz AOP Floral (6 \u00e0 environ 11 mois)\u201d\" rel=\"nofollow\" data-no-translation=\"\" data-trp-gettext=\"\" data-no-translation-aria-label=\"\">Select options<\/a>\t<span id=\"woocommerce_loop_add_to_cart_link_describedby_4546\" class=\"screen-reader-text\">\n\t\tThis product has multiple variants. The options may be chosen on the product page\t<\/span>\n<div class=\"woocommerce-product-details__short-description\">Etivaz PDO Floral is matured for 6 to around 11 months.<\/div><\/li>\n<li class=\"desktop-align-center tablet-align-center mobile-align-center product type-product post-12284 status-publish last instock product_cat-fromages product_cat-letivaz-aop-conventionnel has-post-thumbnail featured taxable shipping-taxable purchasable product-type-variable woopt_\">\n\t<a href=\"https:\/\/etivaz-aop.ch\/en\/produit\/letivaz-aop-bio-intense-environ-10-a-20-mois\/\" class=\"woocommerce-LoopProduct-link woocommerce-loop-product__link\"><img loading=\"lazy\" decoding=\"async\" width=\"300\" height=\"300\" src=\"https:\/\/etivaz-aop.ch\/wp-content\/uploads\/2024\/12\/etivaz_2673_portion_BIOintense_2024-1-300x300.jpg\" class=\"attachment-woocommerce_thumbnail size-woocommerce_thumbnail\" alt=\"L&#039;Etivaz AOP BIO Intense (about 10 to 20 months)\" srcset=\"https:\/\/etivaz-aop.ch\/wp-content\/uploads\/2024\/12\/etivaz_2673_portion_BIOintense_2024-1-300x300.jpg 300w, https:\/\/etivaz-aop.ch\/wp-content\/uploads\/2024\/12\/etivaz_2673_portion_BIOintense_2024-1-150x150.jpg 150w, https:\/\/etivaz-aop.ch\/wp-content\/uploads\/2024\/12\/etivaz_2673_portion_BIOintense_2024-1-100x100.jpg 100w\" sizes=\"(max-width: 300px) 100vw, 300px\" \/><h2 class=\"woocommerce-loop-product__title\">L'Etivaz AOP BIO Intense (about 10 to 20 months)<\/h2>\n\t<span class=\"price\">From <span class=\"woocommerce-Price-amount amount\"><bdi><span class=\"woocommerce-Price-currencySymbol\">Swiss franc<\/span>8.90<\/bdi><\/span><\/span>\n<\/a><a href=\"https:\/\/etivaz-aop.ch\/en\/produit\/letivaz-aop-bio-intense-environ-10-a-20-mois\/\" aria-describedby=\"woocommerce_loop_add_to_cart_link_describedby_12284\" data-quantity=\"1\" class=\"button product_type_variable add_to_cart_button\" data-product_id=\"12284\" data-product_sku=\"\" aria-label=\"Select options for \u201cL&#039;Etivaz AOP BIO Intense (environ 10 \u00e0 20 mois)\u201d\" rel=\"nofollow\" data-no-translation=\"\" data-trp-gettext=\"\" data-no-translation-aria-label=\"\">Select options<\/a>\t<span id=\"woocommerce_loop_add_to_cart_link_describedby_12284\" class=\"screen-reader-text\">\n\t\tThis product has multiple variants. The options may be chosen on the product page\t<\/span>\n<div class=\"woocommerce-product-details__short-description\">Etivaz PDO BIO Intense is matured for around 10 to 20 months.<\/div><\/li>\n<\/ul>\n<\/div><\/div>\n\t\t\t\t\t\t<\/div>\n\t\t\t\t<\/div>\n\t\t\t\t<div class=\"elementor-element elementor-element-85517dc elementor-align-right elementor-widget elementor-widget-button\" data-id=\"85517dc\" data-element_type=\"widget\" data-e-type=\"widget\" data-widget_type=\"button.default\">\n\t\t\t\t<div class=\"elementor-widget-container\">\n\t\t\t\t\t\t\t\t\t<div class=\"elementor-button-wrapper\">\n\t\t\t\t\t<a class=\"elementor-button elementor-button-link elementor-size-sm\" href=\"\/boutique\/\">\n\t\t\t\t\t\t<span class=\"elementor-button-content-wrapper\">\n\t\t\t\t\t\t<span class=\"elementor-button-icon\">\n\t\t\t\t<i aria-hidden=\"true\" class=\"fas fa-shopping-cart\"><\/i>\t\t\t<\/span>\n\t\t\t\t\t\t\t\t\t<span class=\"elementor-button-text\">Other products<\/span>\n\t\t\t\t\t<\/span>\n\t\t\t\t\t<\/a>\n\t\t\t\t<\/div>\n\t\t\t\t\t\t\t\t<\/div>\n\t\t\t\t<\/div>\n\t\t\t\t\t<\/div>\n\t\t<\/div>\n\t\t\t\t\t<\/div>\n\t\t<\/section>\n\t\t\t\t<\/div>","protected":false},"excerpt":{"rendered":"<p>Bienvenue sur notre shop en ligne! Enfin! Tous les produits \u00ab\u00a0L&rsquo;Etivaz AOP\u00a0\u00bb \u00e0 port\u00e9e de clic ! Totalement addict \u00e0 L&rsquo;Etivaz AOP ? Gr\u00e2ce au shop, vous vous habillerez \u00e0 l&rsquo;effigie de votre fromage d&rsquo;alpage pr\u00e9f\u00e9r\u00e9 mais vous d\u00e9couvrirez aussi de nouvelles sp\u00e9cialit\u00e9s et des offres exclusives! Le saviez-vous ? L&rsquo;Etivaz AOP est garanti sans [&hellip;]<\/p>\n","protected":false},"author":8,"featured_media":0,"parent":0,"menu_order":0,"comment_status":"closed","ping_status":"closed","template":"","meta":{"_acf_changed":false,"site-sidebar-layout":"no-sidebar","site-content-layout":"page-builder","ast-site-content-layout":"default","site-content-style":"default","site-sidebar-style":"default","ast-global-header-display":"","ast-banner-title-visibility":"","ast-main-header-display":"","ast-hfb-above-header-display":"","ast-hfb-below-header-display":"","ast-hfb-mobile-header-display":"","site-post-title":"disabled","ast-breadcrumbs-content":"","ast-featured-img":"disabled","footer-sml-layout":"","ast-disable-related-posts":"","theme-transparent-header-meta":"enabled","adv-header-id-meta":"","stick-header-meta":"","header-above-stick-meta":"","header-main-stick-meta":"","header-below-stick-meta":"","astra-migrate-meta-layouts":"default","ast-page-background-enabled":"default","ast-page-background-meta":{"desktop":{"background-color":"","background-image":"","background-repeat":"repeat","background-position":"center center","background-size":"auto","background-attachment":"scroll","background-type":"","background-media":"","overlay-type":"","overlay-color":"","overlay-opacity":"","overlay-gradient":""},"tablet":{"background-color":"","background-image":"","background-repeat":"repeat","background-position":"center center","background-size":"auto","background-attachment":"scroll","background-type":"","background-media":"","overlay-type":"","overlay-color":"","overlay-opacity":"","overlay-gradient":""},"mobile":{"background-color":"","background-image":"","background-repeat":"repeat","background-position":"center center","background-size":"auto","background-attachment":"scroll","background-type":"","background-media":"","overlay-type":"","overlay-color":"","overlay-opacity":"","overlay-gradient":""}},"ast-content-background-meta":{"desktop":{"background-color":"var(--ast-global-color-5)","background-image":"","background-repeat":"repeat","background-position":"center center","background-size":"auto","background-attachment":"scroll","background-type":"","background-media":"","overlay-type":"","overlay-color":"","overlay-opacity":"","overlay-gradient":""},"tablet":{"background-color":"var(--ast-global-color-5)","background-image":"","background-repeat":"repeat","background-position":"center center","background-size":"auto","background-attachment":"scroll","background-type":"","background-media":"","overlay-type":"","overlay-color":"","overlay-opacity":"","overlay-gradient":""},"mobile":{"background-color":"var(--ast-global-color-5)","background-image":"","background-repeat":"repeat","background-position":"center center","background-size":"auto","background-attachment":"scroll","background-type":"","background-media":"","overlay-type":"","overlay-color":"","overlay-opacity":"","overlay-gradient":""}},"footnotes":""},"class_list":["post-95","page","type-page","status-publish","hentry"],"acf":[],"_links":{"self":[{"href":"https:\/\/etivaz-aop.ch\/en\/wp-json\/wp\/v2\/pages\/95","targetHints":{"allow":["GET"]}}],"collection":[{"href":"https:\/\/etivaz-aop.ch\/en\/wp-json\/wp\/v2\/pages"}],"about":[{"href":"https:\/\/etivaz-aop.ch\/en\/wp-json\/wp\/v2\/types\/page"}],"author":[{"embeddable":true,"href":"https:\/\/etivaz-aop.ch\/en\/wp-json\/wp\/v2\/users\/8"}],"replies":[{"embeddable":true,"href":"https:\/\/etivaz-aop.ch\/en\/wp-json\/wp\/v2\/comments?post=95"}],"version-history":[{"count":159,"href":"https:\/\/etivaz-aop.ch\/en\/wp-json\/wp\/v2\/pages\/95\/revisions"}],"predecessor-version":[{"id":15443,"href":"https:\/\/etivaz-aop.ch\/en\/wp-json\/wp\/v2\/pages\/95\/revisions\/15443"}],"wp:attachment":[{"href":"https:\/\/etivaz-aop.ch\/en\/wp-json\/wp\/v2\/media?parent=95"}],"curies":[{"name":"wp","href":"https:\/\/api.w.org\/{rel}","templated":true}]}}