{"id":15937,"date":"2026-03-17T15:25:56","date_gmt":"2026-03-17T14:25:56","guid":{"rendered":"https:\/\/etivaz-aop.ch\/?page_id=15937"},"modified":"2026-03-17T15:28:20","modified_gmt":"2026-03-17T14:28:20","slug":"multimedia-3","status":"publish","type":"page","link":"https:\/\/etivaz-aop.ch\/en\/multimedia-3\/","title":{"rendered":"Awards and distinctions"},"content":{"rendered":"<div data-elementor-type=\"wp-page\" data-elementor-id=\"15937\" class=\"elementor elementor-15937\" data-elementor-post-type=\"page\">\n\t\t\t\t\t\t<section class=\"elementor-section elementor-top-section elementor-element elementor-element-663c8f67 elementor-section-height-min-height elementor-section-boxed elementor-section-height-default elementor-section-items-middle\" data-id=\"663c8f67\" data-element_type=\"section\" data-e-type=\"section\" data-settings=\"{&quot;background_background&quot;:&quot;classic&quot;}\">\n\t\t\t\t\t\t\t<div class=\"elementor-background-overlay\"><\/div>\n\t\t\t\t\t\t\t<div class=\"elementor-container elementor-column-gap-default\">\n\t\t\t\t\t<div class=\"elementor-column elementor-col-100 elementor-top-column elementor-element elementor-element-9979173\" data-id=\"9979173\" data-element_type=\"column\" data-e-type=\"column\">\n\t\t\t<div class=\"elementor-widget-wrap elementor-element-populated\">\n\t\t\t\t\t\t<div class=\"elementor-element elementor-element-4b639bff elementor-widget elementor-widget-heading\" data-id=\"4b639bff\" data-element_type=\"widget\" data-e-type=\"widget\" data-widget_type=\"heading.default\">\n\t\t\t\t<div class=\"elementor-widget-container\">\n\t\t\t\t\t<h1 class=\"elementor-heading-title elementor-size-default\">Awards &amp; Distinctions<\/h1>\t\t\t\t<\/div>\n\t\t\t\t<\/div>\n\t\t\t\t\t<\/div>\n\t\t<\/div>\n\t\t\t\t\t<\/div>\n\t\t<\/section>\n\t\t\t\t<section class=\"elementor-section elementor-top-section elementor-element elementor-element-166b72be elementor-section-boxed elementor-section-height-default elementor-section-height-default\" data-id=\"166b72be\" data-element_type=\"section\" data-e-type=\"section\">\n\t\t\t\t\t\t<div class=\"elementor-container elementor-column-gap-default\">\n\t\t\t\t\t<div class=\"elementor-column elementor-col-100 elementor-top-column elementor-element elementor-element-56110ed5\" data-id=\"56110ed5\" data-element_type=\"column\" data-e-type=\"column\">\n\t\t\t<div class=\"elementor-widget-wrap elementor-element-populated\">\n\t\t\t\t\t\t<div class=\"elementor-element elementor-element-851d593 elementor-widget elementor-widget-heading\" data-id=\"851d593\" data-element_type=\"widget\" data-e-type=\"widget\" data-widget_type=\"heading.default\">\n\t\t\t\t<div class=\"elementor-widget-container\">\n\t\t\t\t\t<h2 class=\"elementor-heading-title elementor-size-default\">Our awards in pictures<\/h2>\t\t\t\t<\/div>\n\t\t\t\t<\/div>\n\t\t\t\t<div class=\"elementor-element elementor-element-7f7c0eb9 elementor-widget elementor-widget-text-editor\" data-id=\"7f7c0eb9\" data-element_type=\"widget\" data-e-type=\"widget\" data-widget_type=\"text-editor.default\">\n\t\t\t\t<div class=\"elementor-widget-container\">\n\t\t\t\t\t\t\t\t\t<p><span data-olk-copy-source=\"MessageBody\">Over the years, L'\u00c9tivaz PDO has won numerous awards in national and international competitions.<\/span><\/p><p>These awards are a testament to the expertise of the mountain pasture producers and the unique quality of this wood-fired cheese.<\/p>\t\t\t\t\t\t\t\t<\/div>\n\t\t\t\t<\/div>\n\t\t\t\t<div class=\"elementor-element elementor-element-1192a69 gallery-spacing-custom elementor-widget elementor-widget-image-gallery\" data-id=\"1192a69\" data-element_type=\"widget\" data-e-type=\"widget\" data-widget_type=\"image-gallery.default\">\n\t\t\t\t<div class=\"elementor-widget-container\">\n\t\t\t\t\t\t\t<div class=\"elementor-image-gallery\">\n\t\t\t\n<a data-elementor-open-lightbox=\"yes\" data-elementor-lightbox-slideshow=\"1192a69\" data-elementor-lightbox-title=\"WORLD CHEESE AWARDS Bergen . Norway Silver 2018 - 2019_page-0001 (1)\" data-e-action-hash=\"#elementor-action%3Aaction%3Dlightbox%26settings%3DeyJpZCI6MTI5NjIsInVybCI6Imh0dHBzOlwvXC9ldGl2YXotYW9wLmNoXC93cC1jb250ZW50XC91cGxvYWRzXC8yMDI1XC8wM1wvV09STEQtQ0hFRVNFLUFXQVJEUy1CZXJnZW4tLi1Ob3J3YXktU2lsdmVyLTIwMTgtMjAxOV9wYWdlLTAwMDEtMS5qcGciLCJzbGlkZXNob3ciOiIxMTkyYTY5In0%3D\" href='https:\/\/etivaz-aop.ch\/wp-content\/uploads\/2025\/03\/WORLD-CHEESE-AWARDS-Bergen-.-Norway-Silver-2018-2019_page-0001-1.jpg'><img fetchpriority=\"high\" decoding=\"async\" width=\"768\" height=\"1089\" src=\"https:\/\/etivaz-aop.ch\/wp-content\/uploads\/2025\/03\/WORLD-CHEESE-AWARDS-Bergen-.-Norway-Silver-2018-2019_page-0001-1-768x1089.jpg\" class=\"attachment-medium_large size-medium_large\" alt=\"\" srcset=\"https:\/\/etivaz-aop.ch\/wp-content\/uploads\/2025\/03\/WORLD-CHEESE-AWARDS-Bergen-.-Norway-Silver-2018-2019_page-0001-1-768x1089.jpg 768w, https:\/\/etivaz-aop.ch\/wp-content\/uploads\/2025\/03\/WORLD-CHEESE-AWARDS-Bergen-.-Norway-Silver-2018-2019_page-0001-1-212x300.jpg 212w, https:\/\/etivaz-aop.ch\/wp-content\/uploads\/2025\/03\/WORLD-CHEESE-AWARDS-Bergen-.-Norway-Silver-2018-2019_page-0001-1-722x1024.jpg 722w, https:\/\/etivaz-aop.ch\/wp-content\/uploads\/2025\/03\/WORLD-CHEESE-AWARDS-Bergen-.-Norway-Silver-2018-2019_page-0001-1-1083x1536.jpg 1083w, https:\/\/etivaz-aop.ch\/wp-content\/uploads\/2025\/03\/WORLD-CHEESE-AWARDS-Bergen-.-Norway-Silver-2018-2019_page-0001-1-1444x2048.jpg 1444w, https:\/\/etivaz-aop.ch\/wp-content\/uploads\/2025\/03\/WORLD-CHEESE-AWARDS-Bergen-.-Norway-Silver-2018-2019_page-0001-1-8x12.jpg 8w, https:\/\/etivaz-aop.ch\/wp-content\/uploads\/2025\/03\/WORLD-CHEESE-AWARDS-Bergen-.-Norway-Silver-2018-2019_page-0001-1-600x851.jpg 600w, https:\/\/etivaz-aop.ch\/wp-content\/uploads\/2025\/03\/WORLD-CHEESE-AWARDS-Bergen-.-Norway-Silver-2018-2019_page-0001-1.jpg 1749w\" sizes=\"(max-width: 768px) 100vw, 768px\" \/><\/a>\n<a data-elementor-open-lightbox=\"yes\" data-elementor-lightbox-slideshow=\"1192a69\" data-elementor-lightbox-title=\"WORLS CHEESE AWARDS Bergen . Norway Gold 2018 - 2019_page-0001\" data-e-action-hash=\"#elementor-action%3Aaction%3Dlightbox%26settings%3DeyJpZCI6MTI5NjMsInVybCI6Imh0dHBzOlwvXC9ldGl2YXotYW9wLmNoXC93cC1jb250ZW50XC91cGxvYWRzXC8yMDI1XC8wM1wvV09STFMtQ0hFRVNFLUFXQVJEUy1CZXJnZW4tLi1Ob3J3YXktR29sZC0yMDE4LTIwMTlfcGFnZS0wMDAxLmpwZyIsInNsaWRlc2hvdyI6IjExOTJhNjkifQ%3D%3D\" href='https:\/\/etivaz-aop.ch\/wp-content\/uploads\/2025\/03\/WORLS-CHEESE-AWARDS-Bergen-.-Norway-Gold-2018-2019_page-0001.jpg'><img decoding=\"async\" width=\"768\" height=\"1089\" src=\"https:\/\/etivaz-aop.ch\/wp-content\/uploads\/2025\/03\/WORLS-CHEESE-AWARDS-Bergen-.-Norway-Gold-2018-2019_page-0001-768x1089.jpg\" class=\"attachment-medium_large size-medium_large\" alt=\"\" srcset=\"https:\/\/etivaz-aop.ch\/wp-content\/uploads\/2025\/03\/WORLS-CHEESE-AWARDS-Bergen-.-Norway-Gold-2018-2019_page-0001-768x1089.jpg 768w, https:\/\/etivaz-aop.ch\/wp-content\/uploads\/2025\/03\/WORLS-CHEESE-AWARDS-Bergen-.-Norway-Gold-2018-2019_page-0001-212x300.jpg 212w, https:\/\/etivaz-aop.ch\/wp-content\/uploads\/2025\/03\/WORLS-CHEESE-AWARDS-Bergen-.-Norway-Gold-2018-2019_page-0001-722x1024.jpg 722w, https:\/\/etivaz-aop.ch\/wp-content\/uploads\/2025\/03\/WORLS-CHEESE-AWARDS-Bergen-.-Norway-Gold-2018-2019_page-0001-1083x1536.jpg 1083w, https:\/\/etivaz-aop.ch\/wp-content\/uploads\/2025\/03\/WORLS-CHEESE-AWARDS-Bergen-.-Norway-Gold-2018-2019_page-0001-1444x2048.jpg 1444w, https:\/\/etivaz-aop.ch\/wp-content\/uploads\/2025\/03\/WORLS-CHEESE-AWARDS-Bergen-.-Norway-Gold-2018-2019_page-0001-8x12.jpg 8w, https:\/\/etivaz-aop.ch\/wp-content\/uploads\/2025\/03\/WORLS-CHEESE-AWARDS-Bergen-.-Norway-Gold-2018-2019_page-0001-600x851.jpg 600w, https:\/\/etivaz-aop.ch\/wp-content\/uploads\/2025\/03\/WORLS-CHEESE-AWARDS-Bergen-.-Norway-Gold-2018-2019_page-0001.jpg 1749w\" sizes=\"(max-width: 768px) 100vw, 768px\" \/><\/a>\n<a data-elementor-open-lightbox=\"yes\" data-elementor-lightbox-slideshow=\"1192a69\" data-elementor-lightbox-title=\"Mondial du fromage TOURS M\u00e9daille d&#039;Or 2023_page-0001\" data-e-action-hash=\"#elementor-action%3Aaction%3Dlightbox%26settings%3DeyJpZCI6MTI5NjEsInVybCI6Imh0dHBzOlwvXC9ldGl2YXotYW9wLmNoXC93cC1jb250ZW50XC91cGxvYWRzXC8yMDI1XC8wM1wvTW9uZGlhbC1kdS1mcm9tYWdlLVRPVVJTLU1lZGFpbGxlLWRPci0yMDIzX3BhZ2UtMDAwMS1zY2FsZWQuanBnIiwic2xpZGVzaG93IjoiMTE5MmE2OSJ9\" href='https:\/\/etivaz-aop.ch\/wp-content\/uploads\/2025\/03\/Mondial-du-fromage-TOURS-Medaille-dOr-2023_page-0001-scaled.jpg'><img decoding=\"async\" width=\"768\" height=\"543\" src=\"https:\/\/etivaz-aop.ch\/wp-content\/uploads\/2025\/03\/Mondial-du-fromage-TOURS-Medaille-dOr-2023_page-0001-768x543.jpg\" class=\"attachment-medium_large size-medium_large\" alt=\"\" srcset=\"https:\/\/etivaz-aop.ch\/wp-content\/uploads\/2025\/03\/Mondial-du-fromage-TOURS-Medaille-dOr-2023_page-0001-768x543.jpg 768w, https:\/\/etivaz-aop.ch\/wp-content\/uploads\/2025\/03\/Mondial-du-fromage-TOURS-Medaille-dOr-2023_page-0001-300x212.jpg 300w, https:\/\/etivaz-aop.ch\/wp-content\/uploads\/2025\/03\/Mondial-du-fromage-TOURS-Medaille-dOr-2023_page-0001-1024x724.jpg 1024w, https:\/\/etivaz-aop.ch\/wp-content\/uploads\/2025\/03\/Mondial-du-fromage-TOURS-Medaille-dOr-2023_page-0001-1536x1086.jpg 1536w, https:\/\/etivaz-aop.ch\/wp-content\/uploads\/2025\/03\/Mondial-du-fromage-TOURS-Medaille-dOr-2023_page-0001-2048x1447.jpg 2048w, https:\/\/etivaz-aop.ch\/wp-content\/uploads\/2025\/03\/Mondial-du-fromage-TOURS-Medaille-dOr-2023_page-0001-18x12.jpg 18w, https:\/\/etivaz-aop.ch\/wp-content\/uploads\/2025\/03\/Mondial-du-fromage-TOURS-Medaille-dOr-2023_page-0001-600x424.jpg 600w\" sizes=\"(max-width: 768px) 100vw, 768px\" \/><\/a>\n<a data-elementor-open-lightbox=\"yes\" data-elementor-lightbox-slideshow=\"1192a69\" data-elementor-lightbox-title=\"International Taste Institute Brussels, Superior TASTE Award 2024_page-0001 (1)\" data-e-action-hash=\"#elementor-action%3Aaction%3Dlightbox%26settings%3DeyJpZCI6MTI5NjAsInVybCI6Imh0dHBzOlwvXC9ldGl2YXotYW9wLmNoXC93cC1jb250ZW50XC91cGxvYWRzXC8yMDI1XC8wM1wvSW50ZXJuYXRpb25hbC1UYXN0ZS1JbnN0aXR1dGUtQnJ1c3NlbHMtU3VwZXJpb3ItVEFTVEUtQXdhcmQtMjAyNF9wYWdlLTAwMDEtMS1zY2FsZWQuanBnIiwic2xpZGVzaG93IjoiMTE5MmE2OSJ9\" href='https:\/\/etivaz-aop.ch\/wp-content\/uploads\/2025\/03\/International-Taste-Institute-Brussels-Superior-TASTE-Award-2024_page-0001-1-scaled.jpg'><img loading=\"lazy\" decoding=\"async\" width=\"768\" height=\"543\" src=\"https:\/\/etivaz-aop.ch\/wp-content\/uploads\/2025\/03\/International-Taste-Institute-Brussels-Superior-TASTE-Award-2024_page-0001-1-768x543.jpg\" class=\"attachment-medium_large size-medium_large\" alt=\"\" srcset=\"https:\/\/etivaz-aop.ch\/wp-content\/uploads\/2025\/03\/International-Taste-Institute-Brussels-Superior-TASTE-Award-2024_page-0001-1-768x543.jpg 768w, https:\/\/etivaz-aop.ch\/wp-content\/uploads\/2025\/03\/International-Taste-Institute-Brussels-Superior-TASTE-Award-2024_page-0001-1-300x212.jpg 300w, https:\/\/etivaz-aop.ch\/wp-content\/uploads\/2025\/03\/International-Taste-Institute-Brussels-Superior-TASTE-Award-2024_page-0001-1-1024x724.jpg 1024w, https:\/\/etivaz-aop.ch\/wp-content\/uploads\/2025\/03\/International-Taste-Institute-Brussels-Superior-TASTE-Award-2024_page-0001-1-1536x1086.jpg 1536w, https:\/\/etivaz-aop.ch\/wp-content\/uploads\/2025\/03\/International-Taste-Institute-Brussels-Superior-TASTE-Award-2024_page-0001-1-2048x1448.jpg 2048w, https:\/\/etivaz-aop.ch\/wp-content\/uploads\/2025\/03\/International-Taste-Institute-Brussels-Superior-TASTE-Award-2024_page-0001-1-18x12.jpg 18w, https:\/\/etivaz-aop.ch\/wp-content\/uploads\/2025\/03\/International-Taste-Institute-Brussels-Superior-TASTE-Award-2024_page-0001-1-600x424.jpg 600w\" sizes=\"(max-width: 768px) 100vw, 768px\" \/><\/a>\n<a data-elementor-open-lightbox=\"yes\" data-elementor-lightbox-slideshow=\"1192a69\" data-elementor-lightbox-title=\"Concours suisse des produit du terroir M\u00e9daille d&#039;Or 2023_page-0001\" data-e-action-hash=\"#elementor-action%3Aaction%3Dlightbox%26settings%3DeyJpZCI6MTI5NTcsInVybCI6Imh0dHBzOlwvXC9ldGl2YXotYW9wLmNoXC93cC1jb250ZW50XC91cGxvYWRzXC8yMDI1XC8wM1wvQ29uY291cnMtc3Vpc3NlLWRlcy1wcm9kdWl0LWR1LXRlcnJvaXItTWVkYWlsbGUtZE9yLTIwMjNfcGFnZS0wMDAxLXNjYWxlZC5qcGciLCJzbGlkZXNob3ciOiIxMTkyYTY5In0%3D\" href='https:\/\/etivaz-aop.ch\/wp-content\/uploads\/2025\/03\/Concours-suisse-des-produit-du-terroir-Medaille-dOr-2023_page-0001-scaled.jpg'><img loading=\"lazy\" decoding=\"async\" width=\"768\" height=\"1087\" src=\"https:\/\/etivaz-aop.ch\/wp-content\/uploads\/2025\/03\/Concours-suisse-des-produit-du-terroir-Medaille-dOr-2023_page-0001-768x1087.jpg\" class=\"attachment-medium_large size-medium_large\" alt=\"\" srcset=\"https:\/\/etivaz-aop.ch\/wp-content\/uploads\/2025\/03\/Concours-suisse-des-produit-du-terroir-Medaille-dOr-2023_page-0001-768x1087.jpg 768w, https:\/\/etivaz-aop.ch\/wp-content\/uploads\/2025\/03\/Concours-suisse-des-produit-du-terroir-Medaille-dOr-2023_page-0001-212x300.jpg 212w, https:\/\/etivaz-aop.ch\/wp-content\/uploads\/2025\/03\/Concours-suisse-des-produit-du-terroir-Medaille-dOr-2023_page-0001-724x1024.jpg 724w, https:\/\/etivaz-aop.ch\/wp-content\/uploads\/2025\/03\/Concours-suisse-des-produit-du-terroir-Medaille-dOr-2023_page-0001-1086x1536.jpg 1086w, https:\/\/etivaz-aop.ch\/wp-content\/uploads\/2025\/03\/Concours-suisse-des-produit-du-terroir-Medaille-dOr-2023_page-0001-1447x2048.jpg 1447w, https:\/\/etivaz-aop.ch\/wp-content\/uploads\/2025\/03\/Concours-suisse-des-produit-du-terroir-Medaille-dOr-2023_page-0001-8x12.jpg 8w, https:\/\/etivaz-aop.ch\/wp-content\/uploads\/2025\/03\/Concours-suisse-des-produit-du-terroir-Medaille-dOr-2023_page-0001-600x849.jpg 600w, https:\/\/etivaz-aop.ch\/wp-content\/uploads\/2025\/03\/Concours-suisse-des-produit-du-terroir-Medaille-dOr-2023_page-0001-scaled.jpg 1809w\" sizes=\"(max-width: 768px) 100vw, 768px\" \/><\/a>\n<a data-elementor-open-lightbox=\"yes\" data-elementor-lightbox-slideshow=\"1192a69\" data-elementor-lightbox-title=\"Concours suisse des produits du terroir M\u00e9daille de Bronze 2023_page-0001\" data-e-action-hash=\"#elementor-action%3Aaction%3Dlightbox%26settings%3DeyJpZCI6MTI5NTksInVybCI6Imh0dHBzOlwvXC9ldGl2YXotYW9wLmNoXC93cC1jb250ZW50XC91cGxvYWRzXC8yMDI1XC8wM1wvQ29uY291cnMtc3Vpc3NlLWRlcy1wcm9kdWl0cy1kdS10ZXJyb2lyLU1lZGFpbGxlLWRlLUJyb256ZS0yMDIzX3BhZ2UtMDAwMS1zY2FsZWQuanBnIiwic2xpZGVzaG93IjoiMTE5MmE2OSJ9\" href='https:\/\/etivaz-aop.ch\/wp-content\/uploads\/2025\/03\/Concours-suisse-des-produits-du-terroir-Medaille-de-Bronze-2023_page-0001-scaled.jpg'><img loading=\"lazy\" decoding=\"async\" width=\"768\" height=\"1087\" src=\"https:\/\/etivaz-aop.ch\/wp-content\/uploads\/2025\/03\/Concours-suisse-des-produits-du-terroir-Medaille-de-Bronze-2023_page-0001-768x1087.jpg\" class=\"attachment-medium_large size-medium_large\" alt=\"\" srcset=\"https:\/\/etivaz-aop.ch\/wp-content\/uploads\/2025\/03\/Concours-suisse-des-produits-du-terroir-Medaille-de-Bronze-2023_page-0001-768x1087.jpg 768w, https:\/\/etivaz-aop.ch\/wp-content\/uploads\/2025\/03\/Concours-suisse-des-produits-du-terroir-Medaille-de-Bronze-2023_page-0001-212x300.jpg 212w, https:\/\/etivaz-aop.ch\/wp-content\/uploads\/2025\/03\/Concours-suisse-des-produits-du-terroir-Medaille-de-Bronze-2023_page-0001-724x1024.jpg 724w, https:\/\/etivaz-aop.ch\/wp-content\/uploads\/2025\/03\/Concours-suisse-des-produits-du-terroir-Medaille-de-Bronze-2023_page-0001-1086x1536.jpg 1086w, https:\/\/etivaz-aop.ch\/wp-content\/uploads\/2025\/03\/Concours-suisse-des-produits-du-terroir-Medaille-de-Bronze-2023_page-0001-1447x2048.jpg 1447w, https:\/\/etivaz-aop.ch\/wp-content\/uploads\/2025\/03\/Concours-suisse-des-produits-du-terroir-Medaille-de-Bronze-2023_page-0001-8x12.jpg 8w, https:\/\/etivaz-aop.ch\/wp-content\/uploads\/2025\/03\/Concours-suisse-des-produits-du-terroir-Medaille-de-Bronze-2023_page-0001-600x849.jpg 600w, https:\/\/etivaz-aop.ch\/wp-content\/uploads\/2025\/03\/Concours-suisse-des-produits-du-terroir-Medaille-de-Bronze-2023_page-0001-scaled.jpg 1809w\" sizes=\"(max-width: 768px) 100vw, 768px\" \/><\/a>\n\t\t<\/div>\n\t\t\t\t\t\t<\/div>\n\t\t\t\t<\/div>\n\t\t\t\t\t<\/div>\n\t\t<\/div>\n\t\t\t\t\t<\/div>\n\t\t<\/section>\n\t\t\t\t<\/div>","protected":false},"excerpt":{"rendered":"<p>Prix &amp; Distinctions Nos distinctions en images Au fil des ann\u00e9es, L\u2019\u00c9tivaz AOP a re\u00e7u de nombreuses distinctions lors de concours nationaux et internationaux. Ces r\u00e9compenses illustrent le savoir-faire des producteurs d\u2019alpage et la qualit\u00e9 unique de ce fromage fabriqu\u00e9 au feu de bois.<\/p>","protected":false},"author":1138,"featured_media":0,"parent":0,"menu_order":0,"comment_status":"closed","ping_status":"closed","template":"","meta":{"_acf_changed":false,"site-sidebar-layout":"no-sidebar","site-content-layout":"page-builder","ast-site-content-layout":"full-width-container","site-content-style":"default","site-sidebar-style":"default","ast-global-header-display":"","ast-banner-title-visibility":"","ast-main-header-display":"","ast-hfb-above-header-display":"","ast-hfb-below-header-display":"","ast-hfb-mobile-header-display":"","site-post-title":"disabled","ast-breadcrumbs-content":"","ast-featured-img":"disabled","footer-sml-layout":"","ast-disable-related-posts":"","theme-transparent-header-meta":"default","adv-header-id-meta":"","stick-header-meta":"","header-above-stick-meta":"","header-main-stick-meta":"","header-below-stick-meta":"","astra-migrate-meta-layouts":"set","ast-page-background-enabled":"default","ast-page-background-meta":{"desktop":{"background-color":"","background-image":"","background-repeat":"repeat","background-position":"center center","background-size":"auto","background-attachment":"scroll","background-type":"","background-media":"","overlay-type":"","overlay-color":"","overlay-opacity":"","overlay-gradient":""},"tablet":{"background-color":"","background-image":"","background-repeat":"repeat","background-position":"center center","background-size":"auto","background-attachment":"scroll","background-type":"","background-media":"","overlay-type":"","overlay-color":"","overlay-opacity":"","overlay-gradient":""},"mobile":{"background-color":"","background-image":"","background-repeat":"repeat","background-position":"center center","background-size":"auto","background-attachment":"scroll","background-type":"","background-media":"","overlay-type":"","overlay-color":"","overlay-opacity":"","overlay-gradient":""}},"ast-content-background-meta":{"desktop":{"background-color":"var(--ast-global-color-5)","background-image":"","background-repeat":"repeat","background-position":"center center","background-size":"auto","background-attachment":"scroll","background-type":"","background-media":"","overlay-type":"","overlay-color":"","overlay-opacity":"","overlay-gradient":""},"tablet":{"background-color":"var(--ast-global-color-5)","background-image":"","background-repeat":"repeat","background-position":"center center","background-size":"auto","background-attachment":"scroll","background-type":"","background-media":"","overlay-type":"","overlay-color":"","overlay-opacity":"","overlay-gradient":""},"mobile":{"background-color":"var(--ast-global-color-5)","background-image":"","background-repeat":"repeat","background-position":"center center","background-size":"auto","background-attachment":"scroll","background-type":"","background-media":"","overlay-type":"","overlay-color":"","overlay-opacity":"","overlay-gradient":""}},"footnotes":""},"class_list":["post-15937","page","type-page","status-publish","hentry"],"acf":[],"_links":{"self":[{"href":"https:\/\/etivaz-aop.ch\/en\/wp-json\/wp\/v2\/pages\/15937","targetHints":{"allow":["GET"]}}],"collection":[{"href":"https:\/\/etivaz-aop.ch\/en\/wp-json\/wp\/v2\/pages"}],"about":[{"href":"https:\/\/etivaz-aop.ch\/en\/wp-json\/wp\/v2\/types\/page"}],"author":[{"embeddable":true,"href":"https:\/\/etivaz-aop.ch\/en\/wp-json\/wp\/v2\/users\/1138"}],"replies":[{"embeddable":true,"href":"https:\/\/etivaz-aop.ch\/en\/wp-json\/wp\/v2\/comments?post=15937"}],"version-history":[{"count":4,"href":"https:\/\/etivaz-aop.ch\/en\/wp-json\/wp\/v2\/pages\/15937\/revisions"}],"predecessor-version":[{"id":15943,"href":"https:\/\/etivaz-aop.ch\/en\/wp-json\/wp\/v2\/pages\/15937\/revisions\/15943"}],"wp:attachment":[{"href":"https:\/\/etivaz-aop.ch\/en\/wp-json\/wp\/v2\/media?parent=15937"}],"curies":[{"name":"wp","href":"https:\/\/api.w.org\/{rel}","templated":true}]}}