{"id":15856,"date":"2026-03-03T11:05:54","date_gmt":"2026-03-03T10:05:54","guid":{"rendered":"https:\/\/etivaz-aop.ch\/?page_id=15856"},"modified":"2026-03-03T16:59:17","modified_gmt":"2026-03-03T15:59:17","slug":"manufacturing-5","status":"publish","type":"page","link":"https:\/\/etivaz-aop.ch\/en\/la-fabrication-5\/","title":{"rendered":"Intergeneration"},"content":{"rendered":"<div data-elementor-type=\"wp-page\" data-elementor-id=\"15856\" class=\"elementor elementor-15856\" data-elementor-post-type=\"page\">\n\t\t\t\t\t\t<section class=\"elementor-section elementor-top-section elementor-element elementor-element-53a66b08 elementor-section-height-full elementor-section-boxed elementor-section-height-default elementor-section-items-middle\" data-id=\"53a66b08\" data-element_type=\"section\" data-e-type=\"section\" data-settings=\"{&quot;background_background&quot;:&quot;classic&quot;}\">\n\t\t\t\t\t\t\t<div class=\"elementor-background-overlay\"><\/div>\n\t\t\t\t\t\t\t<div class=\"elementor-container elementor-column-gap-default\">\n\t\t\t\t\t<div class=\"elementor-column elementor-col-100 elementor-top-column elementor-element elementor-element-7e9348cd\" data-id=\"7e9348cd\" data-element_type=\"column\" data-e-type=\"column\">\n\t\t\t<div class=\"elementor-widget-wrap elementor-element-populated\">\n\t\t\t\t\t\t<div class=\"elementor-element elementor-element-70e4a4b9 elementor-widget elementor-widget-heading\" data-id=\"70e4a4b9\" data-element_type=\"widget\" data-e-type=\"widget\" data-widget_type=\"heading.default\">\n\t\t\t\t<div class=\"elementor-widget-container\">\n\t\t\t\t\t<h1 class=\"elementor-heading-title elementor-size-default\">Intergeneration<\/h1>\t\t\t\t<\/div>\n\t\t\t\t<\/div>\n\t\t\t\t\t<\/div>\n\t\t<\/div>\n\t\t\t\t\t<\/div>\n\t\t<\/section>\n\t\t\t\t<section class=\"elementor-section elementor-top-section elementor-element elementor-element-425a0b80 elementor-section-full_width elementor-section-height-full elementor-section-items-stretch elementor-section-height-default\" data-id=\"425a0b80\" data-element_type=\"section\" data-e-type=\"section\" id=\"first\">\n\t\t\t\t\t\t<div class=\"elementor-container elementor-column-gap-default\">\n\t\t\t\t\t<div class=\"elementor-column elementor-col-50 elementor-top-column elementor-element elementor-element-bd8e45f\" data-id=\"bd8e45f\" data-element_type=\"column\" data-e-type=\"column\">\n\t\t\t<div class=\"elementor-widget-wrap elementor-element-populated\">\n\t\t\t\t\t\t<div class=\"elementor-element elementor-element-74b4f02 elementor-widget elementor-widget-image\" data-id=\"74b4f02\" data-element_type=\"widget\" data-e-type=\"widget\" data-widget_type=\"image.default\">\n\t\t\t\t<div class=\"elementor-widget-container\">\n\t\t\t\t\t\t\t\t\t\t\t\t\t\t\t<img fetchpriority=\"high\" decoding=\"async\" width=\"1024\" height=\"768\" src=\"https:\/\/etivaz-aop.ch\/wp-content\/uploads\/2026\/03\/intergeneration-1024x768.jpg\" class=\"attachment-large size-large wp-image-15857\" alt=\"\" srcset=\"https:\/\/etivaz-aop.ch\/wp-content\/uploads\/2026\/03\/intergeneration-1024x768.jpg 1024w, https:\/\/etivaz-aop.ch\/wp-content\/uploads\/2026\/03\/intergeneration-300x225.jpg 300w, https:\/\/etivaz-aop.ch\/wp-content\/uploads\/2026\/03\/intergeneration-768x576.jpg 768w, https:\/\/etivaz-aop.ch\/wp-content\/uploads\/2026\/03\/intergeneration-1536x1152.jpg 1536w, https:\/\/etivaz-aop.ch\/wp-content\/uploads\/2026\/03\/intergeneration-16x12.jpg 16w, https:\/\/etivaz-aop.ch\/wp-content\/uploads\/2026\/03\/intergeneration-600x450.jpg 600w, https:\/\/etivaz-aop.ch\/wp-content\/uploads\/2026\/03\/intergeneration.jpg 1600w\" sizes=\"(max-width: 1024px) 100vw, 1024px\" \/>\t\t\t\t\t\t\t\t\t\t\t\t\t\t\t<\/div>\n\t\t\t\t<\/div>\n\t\t\t\t<div class=\"elementor-element elementor-element-c6df452 elementor-widget elementor-widget-text-editor\" data-id=\"c6df452\" data-element_type=\"widget\" data-e-type=\"widget\" data-widget_type=\"text-editor.default\">\n\t\t\t\t<div class=\"elementor-widget-container\">\n\t\t\t\t\t\t\t\t\t<p>From an early age, children grow up in contact with animals, learning how to care for them, respecting their rhythm, and gradually discovering the precise gestures needed to make Etivaz PDO. It's a simple but essential apprenticeship, passed on with patience and exacting standards.<\/p>\t\t\t\t\t\t\t\t<\/div>\n\t\t\t\t<\/div>\n\t\t\t\t\t<\/div>\n\t\t<\/div>\n\t\t\t\t<div class=\"elementor-column elementor-col-50 elementor-top-column elementor-element elementor-element-5d952dac\" data-id=\"5d952dac\" data-element_type=\"column\" data-e-type=\"column\">\n\t\t\t<div class=\"elementor-widget-wrap elementor-element-populated\">\n\t\t\t\t\t\t<div class=\"elementor-element elementor-element-4be9eab3 elementor-widget elementor-widget-heading\" data-id=\"4be9eab3\" data-element_type=\"widget\" data-e-type=\"widget\" data-widget_type=\"heading.default\">\n\t\t\t\t<div class=\"elementor-widget-container\">\n\t\t\t\t\t<h2 class=\"elementor-heading-title elementor-size-default\">Intergeneration<\/h2>\t\t\t\t<\/div>\n\t\t\t\t<\/div>\n\t\t\t\t<div class=\"elementor-element elementor-element-17eafbd3 elementor-widget elementor-widget-text-editor\" data-id=\"17eafbd3\" data-element_type=\"widget\" data-e-type=\"widget\" data-widget_type=\"text-editor.default\">\n\t\t\t\t<div class=\"elementor-widget-container\">\n\t\t\t\t\t\t\t\t\t<p>On the mountain pastures of L'Etivaz PDO, know-how is passed on as much as it is learnt. Some producers have trained as cheese-makers, providing precision and technique. Others, just as passionate, have learned directly in the field, from generation to generation, by observing, practising and reproducing the gestures of their elders.<\/p><p>\u00a0<\/p><p>That's how this unique know-how has endured: between tradition and living transmission, carried on by families who make the mountains more than just a place to work - they make them their heritage.<\/p>\t\t\t\t\t\t\t\t<\/div>\n\t\t\t\t<\/div>\n\t\t\t\t\t<\/div>\n\t\t<\/div>\n\t\t\t\t\t<\/div>\n\t\t<\/section>\n\t\t\t\t<\/div>","protected":false},"excerpt":{"rendered":"<p>Interg\u00e9n\u00e9ration D\u00e8s le plus jeune \u00e2ge, les enfants grandissent au contact des animaux, apprennent \u00e0 les soigner, \u00e0 respecter leur rythme, et d\u00e9couvrent peu \u00e0 peu les gestes pr\u00e9cis n\u00e9cessaires \u00e0 la fabrication de l\u2019Etivaz AOP. Ce sont des apprentissages simples, mais essentiels, transmis avec patience et exigence. Interg\u00e9n\u00e9ration Sur les alpages de L\u2019Etivaz AOP, [&hellip;]<\/p>\n","protected":false},"author":1138,"featured_media":0,"parent":0,"menu_order":0,"comment_status":"closed","ping_status":"closed","template":"","meta":{"_acf_changed":false,"site-sidebar-layout":"no-sidebar","site-content-layout":"page-builder","ast-site-content-layout":"full-width-container","site-content-style":"default","site-sidebar-style":"default","ast-global-header-display":"","ast-banner-title-visibility":"","ast-main-header-display":"","ast-hfb-above-header-display":"","ast-hfb-below-header-display":"","ast-hfb-mobile-header-display":"","site-post-title":"disabled","ast-breadcrumbs-content":"","ast-featured-img":"disabled","footer-sml-layout":"","ast-disable-related-posts":"","theme-transparent-header-meta":"default","adv-header-id-meta":"","stick-header-meta":"","header-above-stick-meta":"","header-main-stick-meta":"","header-below-stick-meta":"","astra-migrate-meta-layouts":"set","ast-page-background-enabled":"default","ast-page-background-meta":{"desktop":{"background-color":"","background-image":"","background-repeat":"repeat","background-position":"center center","background-size":"auto","background-attachment":"scroll","background-type":"","background-media":"","overlay-type":"","overlay-color":"","overlay-opacity":"","overlay-gradient":""},"tablet":{"background-color":"","background-image":"","background-repeat":"repeat","background-position":"center center","background-size":"auto","background-attachment":"scroll","background-type":"","background-media":"","overlay-type":"","overlay-color":"","overlay-opacity":"","overlay-gradient":""},"mobile":{"background-color":"","background-image":"","background-repeat":"repeat","background-position":"center center","background-size":"auto","background-attachment":"scroll","background-type":"","background-media":"","overlay-type":"","overlay-color":"","overlay-opacity":"","overlay-gradient":""}},"ast-content-background-meta":{"desktop":{"background-color":"var(--ast-global-color-5)","background-image":"","background-repeat":"repeat","background-position":"center center","background-size":"auto","background-attachment":"scroll","background-type":"","background-media":"","overlay-type":"","overlay-color":"","overlay-opacity":"","overlay-gradient":""},"tablet":{"background-color":"var(--ast-global-color-5)","background-image":"","background-repeat":"repeat","background-position":"center center","background-size":"auto","background-attachment":"scroll","background-type":"","background-media":"","overlay-type":"","overlay-color":"","overlay-opacity":"","overlay-gradient":""},"mobile":{"background-color":"var(--ast-global-color-5)","background-image":"","background-repeat":"repeat","background-position":"center center","background-size":"auto","background-attachment":"scroll","background-type":"","background-media":"","overlay-type":"","overlay-color":"","overlay-opacity":"","overlay-gradient":""}},"footnotes":""},"class_list":["post-15856","page","type-page","status-publish","hentry"],"acf":[],"_links":{"self":[{"href":"https:\/\/etivaz-aop.ch\/en\/wp-json\/wp\/v2\/pages\/15856","targetHints":{"allow":["GET"]}}],"collection":[{"href":"https:\/\/etivaz-aop.ch\/en\/wp-json\/wp\/v2\/pages"}],"about":[{"href":"https:\/\/etivaz-aop.ch\/en\/wp-json\/wp\/v2\/types\/page"}],"author":[{"embeddable":true,"href":"https:\/\/etivaz-aop.ch\/en\/wp-json\/wp\/v2\/users\/1138"}],"replies":[{"embeddable":true,"href":"https:\/\/etivaz-aop.ch\/en\/wp-json\/wp\/v2\/comments?post=15856"}],"version-history":[{"count":10,"href":"https:\/\/etivaz-aop.ch\/en\/wp-json\/wp\/v2\/pages\/15856\/revisions"}],"predecessor-version":[{"id":15881,"href":"https:\/\/etivaz-aop.ch\/en\/wp-json\/wp\/v2\/pages\/15856\/revisions\/15881"}],"wp:attachment":[{"href":"https:\/\/etivaz-aop.ch\/en\/wp-json\/wp\/v2\/media?parent=15856"}],"curies":[{"name":"wp","href":"https:\/\/api.w.org\/{rel}","templated":true}]}}