{"id":12575,"date":"2025-03-06T16:38:25","date_gmt":"2025-03-06T15:38:25","guid":{"rendered":"https:\/\/etivaz-aop.ch\/?page_id=12575"},"modified":"2026-02-24T11:39:49","modified_gmt":"2026-02-24T10:39:49","slug":"visits-rentals","status":"publish","type":"page","link":"https:\/\/etivaz-aop.ch\/en\/visites-locations\/","title":{"rendered":"Visits &amp; rentals"},"content":{"rendered":"<div data-elementor-type=\"wp-page\" data-elementor-id=\"12575\" class=\"elementor elementor-12575\" data-elementor-post-type=\"page\">\n\t\t\t\t<div class=\"elementor-element elementor-element-b1cf29c e-flex e-con-boxed e-con e-parent\" data-id=\"b1cf29c\" data-element_type=\"container\" data-e-type=\"container\" data-settings=\"{&quot;background_background&quot;:&quot;classic&quot;}\">\n\t\t\t\t\t<div class=\"e-con-inner\">\n\t\t\t\t<div class=\"elementor-element elementor-element-38365dc elementor-widget elementor-widget-heading\" data-id=\"38365dc\" data-element_type=\"widget\" data-e-type=\"widget\" data-widget_type=\"heading.default\">\n\t\t\t\t<div class=\"elementor-widget-container\">\n\t\t\t\t\t<h1 class=\"elementor-heading-title elementor-size-default\">of L\u2019Etivaz AOP<\/h1>\t\t\t\t<\/div>\n\t\t\t\t<\/div>\n\t\t\t\t\t<\/div>\n\t\t\t\t<\/div>\n\t\t<div class=\"elementor-element elementor-element-4feb6f5 e-flex e-con-boxed e-con e-parent\" data-id=\"4feb6f5\" data-element_type=\"container\" data-e-type=\"container\" id=\"caves\" data-settings=\"{&quot;background_background&quot;:&quot;classic&quot;}\">\n\t\t\t\t\t<div class=\"e-con-inner\">\n\t\t<div class=\"elementor-element elementor-element-ffd2b0d e-con-full e-flex e-con e-child\" data-id=\"ffd2b0d\" data-element_type=\"container\" data-e-type=\"container\" data-settings=\"{&quot;background_background&quot;:&quot;classic&quot;}\">\n\t\t\t\t<\/div>\n\t\t<div class=\"elementor-element elementor-element-f6d3d08 e-con-full e-flex e-con e-child\" data-id=\"f6d3d08\" data-element_type=\"container\" data-e-type=\"container\" data-settings=\"{&quot;background_background&quot;:&quot;classic&quot;}\">\n\t\t\t\t<div class=\"elementor-element elementor-element-7fbd71e elementor-widget elementor-widget-heading\" data-id=\"7fbd71e\" data-element_type=\"widget\" data-e-type=\"widget\" data-widget_type=\"heading.default\">\n\t\t\t\t<div class=\"elementor-widget-container\">\n\t\t\t\t\t<h2 class=\"elementor-heading-title elementor-size-default\">Visit of the cheese cellars<\/h2>\t\t\t\t<\/div>\n\t\t\t\t<\/div>\n\t\t\t\t<div class=\"elementor-element elementor-element-de1d38f elementor-widget elementor-widget-text-editor\" data-id=\"de1d38f\" data-element_type=\"widget\" data-e-type=\"widget\" data-widget_type=\"text-editor.default\">\n\t\t\t\t<div class=\"elementor-widget-container\">\n\t\t\t\t\t\t\t\t\t<p>We look forward to welcoming you to the birthplace of L'Etivaz PDO!<\/p><p>\u00a0<\/p><p>The programme includes a film, guided tours of the cellars, virtual reality cheese-making and a tasting session.<\/p>\t\t\t\t\t\t\t\t<\/div>\n\t\t\t\t<\/div>\n\t\t\t\t<div class=\"elementor-element elementor-element-b0b9e8e elementor-mobile-align-justify elementor-widget elementor-widget-button\" data-id=\"b0b9e8e\" data-element_type=\"widget\" data-e-type=\"widget\" data-widget_type=\"button.default\">\n\t\t\t\t<div class=\"elementor-widget-container\">\n\t\t\t\t\t\t\t\t\t<div class=\"elementor-button-wrapper\">\n\t\t\t\t\t<a class=\"elementor-button elementor-button-link elementor-size-sm\" href=\"https:\/\/etivaz-aop.ch\/wp-content\/uploads\/2026\/02\/Tarif-visites-Maison-de-LEtivaz-en-fomat-PDF-3.pdf\" target=\"_blank\">\n\t\t\t\t\t\t<span class=\"elementor-button-content-wrapper\">\n\t\t\t\t\t\t<span class=\"elementor-button-icon\">\n\t\t\t\t<svg xmlns=\"http:\/\/www.w3.org\/2000\/svg\" width=\"20\" height=\"20\" viewbox=\"0 0 20 20\" fill=\"none\"><rect width=\"20\" height=\"20\" rx=\"10\" fill=\"white\"><\/rect><path d=\"M7 7L13 13L7 7Z\" fill=\"white\"><\/path><path d=\"M13 7V13H7\" fill=\"white\"><\/path><path d=\"M7 7L13 13M13 13V7M13 13H7\" stroke=\"#DA0022\" stroke-linecap=\"round\" stroke-linejoin=\"round\"><\/path><\/svg>\t\t\t<\/span>\n\t\t\t\t\t\t\t\t\t<span class=\"elementor-button-text\">Rates &amp; Services<\/span>\n\t\t\t\t\t<\/span>\n\t\t\t\t\t<\/a>\n\t\t\t\t<\/div>\n\t\t\t\t\t\t\t\t<\/div>\n\t\t\t\t<\/div>\n\t\t\t\t<div class=\"elementor-element elementor-element-efa540a elementor-tablet-align-justify elementor-widget elementor-widget-button\" data-id=\"efa540a\" data-element_type=\"widget\" data-e-type=\"widget\" data-widget_type=\"button.default\">\n\t\t\t\t<div class=\"elementor-widget-container\">\n\t\t\t\t\t\t\t\t\t<div class=\"elementor-button-wrapper\">\n\t\t\t\t\t<a class=\"elementor-button elementor-button-link elementor-size-sm\" href=\"#elementor-action%3Aaction%3Dpopup%3Aopen%26settings%3DeyJpZCI6IjEwMjQ2IiwidG9nZ2xlIjpmYWxzZX0%3D\">\n\t\t\t\t\t\t<span class=\"elementor-button-content-wrapper\">\n\t\t\t\t\t\t<span class=\"elementor-button-icon\">\n\t\t\t\t<svg xmlns=\"http:\/\/www.w3.org\/2000\/svg\" width=\"20\" height=\"20\" viewbox=\"0 0 20 20\" fill=\"none\"><rect width=\"20\" height=\"20\" rx=\"10\" fill=\"white\"><\/rect><path d=\"M7 7L13 13L7 7Z\" fill=\"white\"><\/path><path d=\"M13 7V13H7\" fill=\"white\"><\/path><path d=\"M7 7L13 13M13 13V7M13 13H7\" stroke=\"#DA0022\" stroke-linecap=\"round\" stroke-linejoin=\"round\"><\/path><\/svg>\t\t\t<\/span>\n\t\t\t\t\t\t\t\t\t<span class=\"elementor-button-text\">Reservation<\/span>\n\t\t\t\t\t<\/span>\n\t\t\t\t\t<\/a>\n\t\t\t\t<\/div>\n\t\t\t\t\t\t\t\t<\/div>\n\t\t\t\t<\/div>\n\t\t\t\t<\/div>\n\t\t\t\t\t<\/div>\n\t\t\t\t<\/div>\n\t\t<div class=\"elementor-element elementor-element-6e0f7ca e-flex e-con-boxed e-con e-parent\" data-id=\"6e0f7ca\" data-element_type=\"container\" data-e-type=\"container\" id=\"maison-etivaz\" data-settings=\"{&quot;background_background&quot;:&quot;classic&quot;}\">\n\t\t\t\t\t<div class=\"e-con-inner\">\n\t\t<div class=\"elementor-element elementor-element-e671b97 e-con-full e-flex e-con e-child\" data-id=\"e671b97\" data-element_type=\"container\" data-e-type=\"container\" data-settings=\"{&quot;background_background&quot;:&quot;classic&quot;}\">\n\t\t\t\t<\/div>\n\t\t<div class=\"elementor-element elementor-element-2729545 e-con-full e-flex e-con e-child\" data-id=\"2729545\" data-element_type=\"container\" data-e-type=\"container\" data-settings=\"{&quot;background_background&quot;:&quot;classic&quot;}\">\n\t\t\t\t<div class=\"elementor-element elementor-element-c264a61 elementor-widget elementor-widget-heading\" data-id=\"c264a61\" data-element_type=\"widget\" data-e-type=\"widget\" data-widget_type=\"heading.default\">\n\t\t\t\t<div class=\"elementor-widget-container\">\n\t\t\t\t\t<h2 class=\"elementor-heading-title elementor-size-default\">At the Maison de L'Etivaz<\/h2>\t\t\t\t<\/div>\n\t\t\t\t<\/div>\n\t\t\t\t<div class=\"elementor-element elementor-element-ddbd1c7 elementor-widget elementor-widget-text-editor\" data-id=\"ddbd1c7\" data-element_type=\"widget\" data-e-type=\"widget\" data-widget_type=\"text-editor.default\">\n\t\t\t\t<div class=\"elementor-widget-container\">\n\t\t\t\t\t\t\t\t\t<p>At the Maison de L\u2019Etivaz, depending on the season, you will be able to taste 3 to 4 maturing cheeses of L\u2019Etivaz AOP, delivered directly from the maturing cellars located next door.<\/p><p>\u00a0<\/p><p>As well as a creamy fondue blend with the 100% L'Etivaz PDO character, you'll also find a range of grated, rebibe, cubed and crispy fl\u00fbtes, etc. versions.<\/p><p>\u00a0<\/p><p>It's also a meeting place for many regional specialities, mainly from the Pays-d'Enhaut. Herbal teas, cheeses, sausages, pastry specialities, there's something for everyone. If you'd like to take a little souvenir home with you after your visit to the region, you'll find a range of items in the shop, including clothes bearing the logo of L'Etivaz PDO.<\/p><p>\u00a0<\/p><p>Opening times June - August<br \/>Monday - Satuday : 8:00 am to 6:30 pm<br \/>Sunday and holidays : 9:00 am - 5:00 pm<\/p><p>\u00a0<\/p><p>Opening times (September - May)<br \/>Monday - Saturday : 8:00-12:30 &amp; 13:30-17:30<\/p><p><br \/>Sunday and holidays : 9:00 am - 5:00 pm<br \/>The shop is closed from 12 noon on 24 December, from 12 noon on 25 December, from 12 noon on 31 December and on 1 January.<\/p>\t\t\t\t\t\t\t\t<\/div>\n\t\t\t\t<\/div>\n\t\t\t\t<div class=\"elementor-element elementor-element-d6e6679 elementor-widget elementor-widget-button\" data-id=\"d6e6679\" data-element_type=\"widget\" data-e-type=\"widget\" data-widget_type=\"button.default\">\n\t\t\t\t<div class=\"elementor-widget-container\">\n\t\t\t\t\t\t\t\t\t<div class=\"elementor-button-wrapper\">\n\t\t\t\t\t<a class=\"elementor-button elementor-button-link elementor-size-sm\" href=\"https:\/\/etivaz-aop.ch\/en\/contact\/\">\n\t\t\t\t\t\t<span class=\"elementor-button-content-wrapper\">\n\t\t\t\t\t\t<span class=\"elementor-button-icon\">\n\t\t\t\t<svg xmlns=\"http:\/\/www.w3.org\/2000\/svg\" width=\"20\" height=\"20\" viewbox=\"0 0 20 20\" fill=\"none\"><rect width=\"20\" height=\"20\" rx=\"10\" fill=\"white\"><\/rect><path d=\"M7 7L13 13L7 7Z\" fill=\"white\"><\/path><path d=\"M13 7V13H7\" fill=\"white\"><\/path><path d=\"M7 7L13 13M13 13V7M13 13H7\" stroke=\"#DA0022\" stroke-linecap=\"round\" stroke-linejoin=\"round\"><\/path><\/svg>\t\t\t<\/span>\n\t\t\t\t\t\t\t\t\t<span class=\"elementor-button-text\">Contact<\/span>\n\t\t\t\t\t<\/span>\n\t\t\t\t\t<\/a>\n\t\t\t\t<\/div>\n\t\t\t\t\t\t\t\t<\/div>\n\t\t\t\t<\/div>\n\t\t\t\t<\/div>\n\t\t\t\t\t<\/div>\n\t\t\t\t<\/div>\n\t\t<div class=\"elementor-element elementor-element-e688462 e-flex e-con-boxed e-con e-parent\" data-id=\"e688462\" data-element_type=\"container\" data-e-type=\"container\" id=\"location\" data-settings=\"{&quot;background_background&quot;:&quot;classic&quot;}\">\n\t\t\t\t\t<div class=\"e-con-inner\">\n\t\t<div class=\"elementor-element elementor-element-1bdb510 e-con-full e-flex e-con e-child\" data-id=\"1bdb510\" data-element_type=\"container\" data-e-type=\"container\" data-settings=\"{&quot;background_background&quot;:&quot;classic&quot;}\">\n\t\t\t\t<\/div>\n\t\t<div class=\"elementor-element elementor-element-7e518d0 e-con-full e-flex e-con e-child\" data-id=\"7e518d0\" data-element_type=\"container\" data-e-type=\"container\" data-settings=\"{&quot;background_background&quot;:&quot;classic&quot;}\">\n\t\t\t\t<div class=\"elementor-element elementor-element-2ce1a29 elementor-widget elementor-widget-heading\" data-id=\"2ce1a29\" data-element_type=\"widget\" data-e-type=\"widget\" data-widget_type=\"heading.default\">\n\t\t\t\t<div class=\"elementor-widget-container\">\n\t\t\t\t\t<h2 class=\"elementor-heading-title elementor-size-default\">Rent our village hall<\/h2>\t\t\t\t<\/div>\n\t\t\t\t<\/div>\n\t\t\t\t<div class=\"elementor-element elementor-element-8461aba elementor-widget elementor-widget-text-editor\" data-id=\"8461aba\" data-element_type=\"widget\" data-e-type=\"widget\" data-widget_type=\"text-editor.default\">\n\t\t\t\t<div class=\"elementor-widget-container\">\n\t\t\t\t\t\t\t\t\t<p>Hire our superb village hall on the first floor of the shop!<\/p><p>\u00a0<\/p><p>With a capacity of around 160 people, fully equipped kitchen, WiFi access and beamer with screen, you'll find all the charm of rusticity combined with modern comfort.<\/p>\t\t\t\t\t\t\t\t<\/div>\n\t\t\t\t<\/div>\n\t\t\t\t<div class=\"elementor-element elementor-element-e9145ad elementor-widget elementor-widget-button\" data-id=\"e9145ad\" data-element_type=\"widget\" data-e-type=\"widget\" data-widget_type=\"button.default\">\n\t\t\t\t<div class=\"elementor-widget-container\">\n\t\t\t\t\t\t\t\t\t<div class=\"elementor-button-wrapper\">\n\t\t\t\t\t<a class=\"elementor-button elementor-button-link elementor-size-sm\" href=\"https:\/\/etivaz-aop.ch\/wp-content\/uploads\/2025\/02\/Location-salle-villageoise.png\">\n\t\t\t\t\t\t<span class=\"elementor-button-content-wrapper\">\n\t\t\t\t\t\t<span class=\"elementor-button-icon\">\n\t\t\t\t<svg xmlns=\"http:\/\/www.w3.org\/2000\/svg\" width=\"20\" height=\"20\" viewbox=\"0 0 20 20\" fill=\"none\"><rect width=\"20\" height=\"20\" rx=\"10\" fill=\"white\"><\/rect><path d=\"M7 7L13 13L7 7Z\" fill=\"white\"><\/path><path d=\"M13 7V13H7\" fill=\"white\"><\/path><path d=\"M7 7L13 13M13 13V7M13 13H7\" stroke=\"#DA0022\" stroke-linecap=\"round\" stroke-linejoin=\"round\"><\/path><\/svg>\t\t\t<\/span>\n\t\t\t\t\t\t\t\t\t<span class=\"elementor-button-text\">Prices<\/span>\n\t\t\t\t\t<\/span>\n\t\t\t\t\t<\/a>\n\t\t\t\t<\/div>\n\t\t\t\t\t\t\t\t<\/div>\n\t\t\t\t<\/div>\n\t\t\t\t<div class=\"elementor-element elementor-element-e0525e9 elementor-widget elementor-widget-button\" data-id=\"e0525e9\" data-element_type=\"widget\" data-e-type=\"widget\" data-widget_type=\"button.default\">\n\t\t\t\t<div class=\"elementor-widget-container\">\n\t\t\t\t\t\t\t\t\t<div class=\"elementor-button-wrapper\">\n\t\t\t\t\t<a class=\"elementor-button elementor-button-link elementor-size-sm\" href=\"https:\/\/etivaz-aop.ch\/en\/contact\/\">\n\t\t\t\t\t\t<span class=\"elementor-button-content-wrapper\">\n\t\t\t\t\t\t<span class=\"elementor-button-icon\">\n\t\t\t\t<svg xmlns=\"http:\/\/www.w3.org\/2000\/svg\" width=\"20\" height=\"20\" viewbox=\"0 0 20 20\" fill=\"none\"><rect width=\"20\" height=\"20\" rx=\"10\" fill=\"white\"><\/rect><path d=\"M7 7L13 13L7 7Z\" fill=\"white\"><\/path><path d=\"M13 7V13H7\" fill=\"white\"><\/path><path d=\"M7 7L13 13M13 13V7M13 13H7\" stroke=\"#DA0022\" stroke-linecap=\"round\" stroke-linejoin=\"round\"><\/path><\/svg>\t\t\t<\/span>\n\t\t\t\t\t\t\t\t\t<span class=\"elementor-button-text\">Reservation<\/span>\n\t\t\t\t\t<\/span>\n\t\t\t\t\t<\/a>\n\t\t\t\t<\/div>\n\t\t\t\t\t\t\t\t<\/div>\n\t\t\t\t<\/div>\n\t\t\t\t<\/div>\n\t\t\t\t\t<\/div>\n\t\t\t\t<\/div>\n\t\t\t\t<\/div>","protected":false},"excerpt":{"rendered":"<p>L\u2019Etivaz AOP Visitez nos caves d\u2019affinage Nous nous r\u00e9jouissons de vous accueillir sur r\u00e9servation dans le berceau du L\u2019Etivaz AOP ! \u00a0 Au programme : film, visites guid\u00e9es des caves, fabrication du fromage en r\u00e9alit\u00e9 virtuelle et d\u00e9gustation. Tarifs &amp; Prestations R\u00e9servation A la Maison de L\u2019Etivaz A la Maison de L\u2019Etivaz, selon la saison, [&hellip;]<\/p>\n","protected":false},"author":330,"featured_media":0,"parent":0,"menu_order":0,"comment_status":"closed","ping_status":"closed","template":"","meta":{"_acf_changed":false,"site-sidebar-layout":"no-sidebar","site-content-layout":"page-builder","ast-site-content-layout":"full-width-container","site-content-style":"default","site-sidebar-style":"default","ast-global-header-display":"","ast-banner-title-visibility":"","ast-main-header-display":"","ast-hfb-above-header-display":"","ast-hfb-below-header-display":"","ast-hfb-mobile-header-display":"","site-post-title":"disabled","ast-breadcrumbs-content":"","ast-featured-img":"disabled","footer-sml-layout":"","ast-disable-related-posts":"","theme-transparent-header-meta":"","adv-header-id-meta":"","stick-header-meta":"","header-above-stick-meta":"","header-main-stick-meta":"","header-below-stick-meta":"","astra-migrate-meta-layouts":"set","ast-page-background-enabled":"default","ast-page-background-meta":{"desktop":{"background-color":"","background-image":"","background-repeat":"repeat","background-position":"center center","background-size":"auto","background-attachment":"scroll","background-type":"","background-media":"","overlay-type":"","overlay-color":"","overlay-opacity":"","overlay-gradient":""},"tablet":{"background-color":"","background-image":"","background-repeat":"repeat","background-position":"center center","background-size":"auto","background-attachment":"scroll","background-type":"","background-media":"","overlay-type":"","overlay-color":"","overlay-opacity":"","overlay-gradient":""},"mobile":{"background-color":"","background-image":"","background-repeat":"repeat","background-position":"center center","background-size":"auto","background-attachment":"scroll","background-type":"","background-media":"","overlay-type":"","overlay-color":"","overlay-opacity":"","overlay-gradient":""}},"ast-content-background-meta":{"desktop":{"background-color":"var(--ast-global-color-5)","background-image":"","background-repeat":"repeat","background-position":"center center","background-size":"auto","background-attachment":"scroll","background-type":"","background-media":"","overlay-type":"","overlay-color":"","overlay-opacity":"","overlay-gradient":""},"tablet":{"background-color":"var(--ast-global-color-5)","background-image":"","background-repeat":"repeat","background-position":"center center","background-size":"auto","background-attachment":"scroll","background-type":"","background-media":"","overlay-type":"","overlay-color":"","overlay-opacity":"","overlay-gradient":""},"mobile":{"background-color":"var(--ast-global-color-5)","background-image":"","background-repeat":"repeat","background-position":"center center","background-size":"auto","background-attachment":"scroll","background-type":"","background-media":"","overlay-type":"","overlay-color":"","overlay-opacity":"","overlay-gradient":""}},"footnotes":""},"class_list":["post-12575","page","type-page","status-publish","hentry"],"acf":[],"_links":{"self":[{"href":"https:\/\/etivaz-aop.ch\/en\/wp-json\/wp\/v2\/pages\/12575","targetHints":{"allow":["GET"]}}],"collection":[{"href":"https:\/\/etivaz-aop.ch\/en\/wp-json\/wp\/v2\/pages"}],"about":[{"href":"https:\/\/etivaz-aop.ch\/en\/wp-json\/wp\/v2\/types\/page"}],"author":[{"embeddable":true,"href":"https:\/\/etivaz-aop.ch\/en\/wp-json\/wp\/v2\/users\/330"}],"replies":[{"embeddable":true,"href":"https:\/\/etivaz-aop.ch\/en\/wp-json\/wp\/v2\/comments?post=12575"}],"version-history":[{"count":40,"href":"https:\/\/etivaz-aop.ch\/en\/wp-json\/wp\/v2\/pages\/12575\/revisions"}],"predecessor-version":[{"id":15838,"href":"https:\/\/etivaz-aop.ch\/en\/wp-json\/wp\/v2\/pages\/12575\/revisions\/15838"}],"wp:attachment":[{"href":"https:\/\/etivaz-aop.ch\/en\/wp-json\/wp\/v2\/media?parent=12575"}],"curies":[{"name":"wp","href":"https:\/\/api.w.org\/{rel}","templated":true}]}}