{"id":4545,"date":"2021-02-07T14:22:32","date_gmt":"2021-02-07T13:22:32","guid":{"rendered":"https:\/\/shop-etivaz-aop.techniconcept.ch\/?post_type=product&#038;p=4545"},"modified":"2024-04-08T10:32:20","modified_gmt":"2024-04-08T08:32:20","slug":"aperitifsand-in-letivaz-aop-2","status":"publish","type":"product","link":"https:\/\/etivaz-aop.ch\/de\/produit\/sables-aperitifs-au-letivaz-aop-2\/","title":{"rendered":"Sabl\u00e9s <br\/><span class=\"subtitle\">mit L'Etivaz AOP<br\/><span class=\"subtitle\"><\/span>"},"content":{"rendered":"<p>Diese salzigen Sabl\u00e9s, die ideal als Aperitif genossen werden k\u00f6nnen, wurden von unserer lokalen B\u00e4ckermeisterin Marianne Tille entworfen. Das Rezept l\u00e4sst dem L'Etivaz AOP viel Raum. Nach der Entdeckung der leichten, sandigen und zartschmelzenden Textur explodiert der Geschmack des K\u00e4ses im Mund. Diese Sabl\u00e9s lassen niemanden unber\u00fchrt!<\/p>\n<p><strong>Achtung!!!<br \/>\n<\/strong>Dieses Produkt ist von Natur aus br\u00f6ckelig. Wir treffen alle Vorsichtsma\u00dfnahmen, um es beim Versand zu sch\u00fctzen. Wir k\u00f6nnen jedoch nicht garantieren, dass das Produkt bei seiner Ankunft bei Ihnen v\u00f6llig unversehrt ist.<\/p>","protected":false},"excerpt":{"rendered":"<p>Kleine salzige Shortbreads, die Sie immer wieder \u00fcberraschen werden!<\/p>\n<p><em><strong>Achtung!<br \/>\n<\/strong>Dieses Produkt ist von Natur aus br\u00f6ckelig. Wir treffen alle Vorsichtsma\u00dfnahmen, um es beim Versand zu sch\u00fctzen. Wir k\u00f6nnen jedoch nicht garantieren, dass das Produkt bei der Ankunft bei Ihnen v\u00f6llig unbesch\u00e4digt ist. Vielen Dank f\u00fcr Ihr Verst\u00e4ndnis!<\/em><\/p>","protected":false},"featured_media":4522,"template":"","meta":{"_acf_changed":false,"site-sidebar-layout":"default","site-content-layout":"default","ast-site-content-layout":"default","site-content-style":"default","site-sidebar-style":"default","ast-global-header-display":"","ast-banner-title-visibility":"","ast-main-header-display":"","ast-hfb-above-header-display":"","ast-hfb-below-header-display":"","ast-hfb-mobile-header-display":"","site-post-title":"","ast-breadcrumbs-content":"","ast-featured-img":"","footer-sml-layout":"","ast-disable-related-posts":"","theme-transparent-header-meta":"default","adv-header-id-meta":"","stick-header-meta":"","header-above-stick-meta":"","header-main-stick-meta":"","header-below-stick-meta":"","astra-migrate-meta-layouts":"default","ast-page-background-enabled":"default","ast-page-background-meta":{"desktop":{"background-color":"","background-image":"","background-repeat":"repeat","background-position":"center center","background-size":"auto","background-attachment":"scroll","background-type":"","background-media":"","overlay-type":"","overlay-color":"","overlay-opacity":"","overlay-gradient":""},"tablet":{"background-color":"","background-image":"","background-repeat":"repeat","background-position":"center center","background-size":"auto","background-attachment":"scroll","background-type":"","background-media":"","overlay-type":"","overlay-color":"","overlay-opacity":"","overlay-gradient":""},"mobile":{"background-color":"","background-image":"","background-repeat":"repeat","background-position":"center center","background-size":"auto","background-attachment":"scroll","background-type":"","background-media":"","overlay-type":"","overlay-color":"","overlay-opacity":"","overlay-gradient":""}},"ast-content-background-meta":{"desktop":{"background-color":"var(--ast-global-color-5)","background-image":"","background-repeat":"repeat","background-position":"center center","background-size":"auto","background-attachment":"scroll","background-type":"","background-media":"","overlay-type":"","overlay-color":"","overlay-opacity":"","overlay-gradient":""},"tablet":{"background-color":"var(--ast-global-color-5)","background-image":"","background-repeat":"repeat","background-position":"center center","background-size":"auto","background-attachment":"scroll","background-type":"","background-media":"","overlay-type":"","overlay-color":"","overlay-opacity":"","overlay-gradient":""},"mobile":{"background-color":"var(--ast-global-color-5)","background-image":"","background-repeat":"repeat","background-position":"center center","background-size":"auto","background-attachment":"scroll","background-type":"","background-media":"","overlay-type":"","overlay-color":"","overlay-opacity":"","overlay-gradient":""}}},"product_brand":[],"product_cat":[33,60],"product_tag":[],"class_list":{"0":"post-4545","1":"product","2":"type-product","3":"status-publish","4":"has-post-thumbnail","6":"product_cat-fromages","7":"product_cat-specialites-au-letivaz-aop","8":"desktop-align-center","9":"tablet-align-center","10":"mobile-align-center","12":"first","13":"instock","14":"featured","15":"taxable","16":"shipping-taxable","17":"purchasable","18":"product-type-simple"},"acf":[],"_links":{"self":[{"href":"https:\/\/etivaz-aop.ch\/de\/wp-json\/wp\/v2\/product\/4545","targetHints":{"allow":["GET"]}}],"collection":[{"href":"https:\/\/etivaz-aop.ch\/de\/wp-json\/wp\/v2\/product"}],"about":[{"href":"https:\/\/etivaz-aop.ch\/de\/wp-json\/wp\/v2\/types\/product"}],"wp:featuredmedia":[{"embeddable":true,"href":"https:\/\/etivaz-aop.ch\/de\/wp-json\/wp\/v2\/media\/4522"}],"wp:attachment":[{"href":"https:\/\/etivaz-aop.ch\/de\/wp-json\/wp\/v2\/media?parent=4545"}],"wp:term":[{"taxonomy":"product_brand","embeddable":true,"href":"https:\/\/etivaz-aop.ch\/de\/wp-json\/wp\/v2\/product_brand?post=4545"},{"taxonomy":"product_cat","embeddable":true,"href":"https:\/\/etivaz-aop.ch\/de\/wp-json\/wp\/v2\/product_cat?post=4545"},{"taxonomy":"product_tag","embeddable":true,"href":"https:\/\/etivaz-aop.ch\/de\/wp-json\/wp\/v2\/product_tag?post=4545"}],"curies":[{"name":"wp","href":"https:\/\/api.w.org\/{rel}","templated":true}]}}