{"id":4472,"date":"2021-02-03T16:46:42","date_gmt":"2021-02-03T15:46:42","guid":{"rendered":"https:\/\/shop-etivaz-aop.techniconcept.ch\/?post_type=product&#038;p=4472"},"modified":"2026-03-04T07:56:42","modified_gmt":"2026-03-04T06:56:42","slug":"bruchstucke-mit-letivaz-rebibes-aop","status":"publish","type":"product","link":"https:\/\/etivaz-aop.ch\/de\/produit\/brisures-au-letivaz-rebibes-aop\/","title":{"rendered":"L\u2019Etivaz Rebibes AOP Brisuren<br\/><span class=\"subtitle\">(+36 Monate)<\/span>"},"content":{"rendered":"<p>Der L'Etivaz \u00e0 Rebibes AOP ist ein L'Etivaz aus der traditionellen Herstellungsmethode, aber seine Reifung unterscheidet sich nach 6 Monaten. In dieser Reifungsphase werden einige Laibe aufgrund ihrer hohen Qualit\u00e4t und geringen Gr\u00f6\u00dfe ausgew\u00e4hlt, dann werden sie demoralisiert, mit \u00d6l eingerieben und reifen noch mindestens 30 Monate auf einem Dachboden weiter. Luftgetrocknet ist das Ergebnis ein extraharter L'Etivaz de 36 mois, der gehobelt, gerieben oder in kleinen W\u00fcrfeln genossen werden kann.<\/p>","protected":false},"excerpt":{"rendered":"<p>Wenn L'Etivaz \u00e0 Rebibes gehobelt wird, gibt es immer einige Abschnitte, die nicht gewalzt werden k\u00f6nnen. Das Ergebnis sind feine Sp\u00e4ne, die als \"Brisures\" bezeichnet werden. Geben Sie sie zu Ihren Carpaccios, Risottos oder Salaten, das Ergebnis wird Sie verbl\u00fcffen!<\/p>","protected":false},"featured_media":4541,"template":"","meta":{"_acf_changed":false,"site-sidebar-layout":"default","site-content-layout":"default","ast-site-content-layout":"default","site-content-style":"default","site-sidebar-style":"default","ast-global-header-display":"","ast-banner-title-visibility":"","ast-main-header-display":"","ast-hfb-above-header-display":"","ast-hfb-below-header-display":"","ast-hfb-mobile-header-display":"","site-post-title":"","ast-breadcrumbs-content":"","ast-featured-img":"","footer-sml-layout":"","ast-disable-related-posts":"","theme-transparent-header-meta":"default","adv-header-id-meta":"","stick-header-meta":"","header-above-stick-meta":"","header-main-stick-meta":"","header-below-stick-meta":"","astra-migrate-meta-layouts":"set","ast-page-background-enabled":"default","ast-page-background-meta":{"desktop":{"background-color":"","background-image":"","background-repeat":"repeat","background-position":"center center","background-size":"auto","background-attachment":"scroll","background-type":"","background-media":"","overlay-type":"","overlay-color":"","overlay-opacity":"","overlay-gradient":""},"tablet":{"background-color":"","background-image":"","background-repeat":"repeat","background-position":"center center","background-size":"auto","background-attachment":"scroll","background-type":"","background-media":"","overlay-type":"","overlay-color":"","overlay-opacity":"","overlay-gradient":""},"mobile":{"background-color":"","background-image":"","background-repeat":"repeat","background-position":"center center","background-size":"auto","background-attachment":"scroll","background-type":"","background-media":"","overlay-type":"","overlay-color":"","overlay-opacity":"","overlay-gradient":""}},"ast-content-background-meta":{"desktop":{"background-color":"var(--ast-global-color-5)","background-image":"","background-repeat":"repeat","background-position":"center center","background-size":"auto","background-attachment":"scroll","background-type":"","background-media":"","overlay-type":"","overlay-color":"","overlay-opacity":"","overlay-gradient":""},"tablet":{"background-color":"var(--ast-global-color-5)","background-image":"","background-repeat":"repeat","background-position":"center center","background-size":"auto","background-attachment":"scroll","background-type":"","background-media":"","overlay-type":"","overlay-color":"","overlay-opacity":"","overlay-gradient":""},"mobile":{"background-color":"var(--ast-global-color-5)","background-image":"","background-repeat":"repeat","background-position":"center center","background-size":"auto","background-attachment":"scroll","background-type":"","background-media":"","overlay-type":"","overlay-color":"","overlay-opacity":"","overlay-gradient":""}}},"product_brand":[],"product_cat":[33,54],"product_tag":[],"class_list":{"0":"post-4472","1":"product","2":"type-product","3":"status-publish","4":"has-post-thumbnail","6":"product_cat-fromages","7":"product_cat-rebibes","8":"product_shipping_class-prioritaire","9":"desktop-align-center","10":"tablet-align-center","11":"mobile-align-center","13":"first","14":"outofstock","15":"featured","16":"taxable","17":"shipping-taxable","18":"purchasable","19":"product-type-simple"},"acf":[],"_links":{"self":[{"href":"https:\/\/etivaz-aop.ch\/de\/wp-json\/wp\/v2\/product\/4472","targetHints":{"allow":["GET"]}}],"collection":[{"href":"https:\/\/etivaz-aop.ch\/de\/wp-json\/wp\/v2\/product"}],"about":[{"href":"https:\/\/etivaz-aop.ch\/de\/wp-json\/wp\/v2\/types\/product"}],"wp:featuredmedia":[{"embeddable":true,"href":"https:\/\/etivaz-aop.ch\/de\/wp-json\/wp\/v2\/media\/4541"}],"wp:attachment":[{"href":"https:\/\/etivaz-aop.ch\/de\/wp-json\/wp\/v2\/media?parent=4472"}],"wp:term":[{"taxonomy":"product_brand","embeddable":true,"href":"https:\/\/etivaz-aop.ch\/de\/wp-json\/wp\/v2\/product_brand?post=4472"},{"taxonomy":"product_cat","embeddable":true,"href":"https:\/\/etivaz-aop.ch\/de\/wp-json\/wp\/v2\/product_cat?post=4472"},{"taxonomy":"product_tag","embeddable":true,"href":"https:\/\/etivaz-aop.ch\/de\/wp-json\/wp\/v2\/product_tag?post=4472"}],"curies":[{"name":"wp","href":"https:\/\/api.w.org\/{rel}","templated":true}]}}