{"id":4471,"date":"2021-02-03T16:43:55","date_gmt":"2021-02-03T15:43:55","guid":{"rendered":"https:\/\/shop-etivaz-aop.techniconcept.ch\/?post_type=product&#038;p=4471"},"modified":"2024-12-23T14:14:40","modified_gmt":"2024-12-23T13:14:40","slug":"poya-box-au-letivaz-aop-rebibes-in-rollen","status":"publish","type":"product","link":"https:\/\/etivaz-aop.ch\/de\/produit\/boite-poya-au-letivaz-rebibes-aop-en-rouleaux\/","title":{"rendered":"L\u2019Etivaz Rebibes AOP - Rolle<br\/><span class=\"subtitle\">POYA Schachtel 85g<\/span>"},"content":{"rendered":"<p>Der L'Etivaz \u00e0 Rebibes AOP ist ein L'Etivaz aus der traditionellen Herstellungsmethode, aber seine Reifung unterscheidet sich nach 6 Monaten. In dieser Reifungsphase werden einige Laibe aufgrund ihrer hohen Qualit\u00e4t und geringen Gr\u00f6\u00dfe ausgew\u00e4hlt, dann werden sie demoralisiert, mit \u00d6l eingerieben und reifen noch mindestens 30 Monate auf einem Dachboden weiter. Luftgetrocknet ist das Ergebnis ein extraharter, 36 Monate alter L'Etivaz, der sich hobeln l\u00e4sst, <a href=\"https:\/\/shop-etivaz-aop.techniconcept.ch\/produit\/rape-au-letivaz-rebibes-aop\/\" target=\"_blank\" rel=\"noopener\">reibt sich<\/a> oder wird verkostet <a href=\"https:\/\/shop-etivaz-aop.techniconcept.ch\/produit\/rebibes-aop-cubes\/\" target=\"_blank\" rel=\"noopener\">in kleinen W\u00fcrfeln<\/a>.<\/p>","protected":false},"excerpt":{"rendered":"<p>Da L'Etivaz \u00e0 Rebibes AOP extra hart ist, l\u00e4sst er sich nicht so leicht schneiden... Gro\u00dfe \u00dcbel erfordern gro\u00dfe Hilfe, also nehmen wir einen Hobel und lassen unseren K\u00e4se darauf gleiten! Das Ergebnis sind zarte, h\u00fcbsche Rollen, die auf Ihrer K\u00e4seplatte oder zum Aperitif eine gute Figur machen.<\/p>","protected":false},"featured_media":4511,"template":"","meta":{"_acf_changed":false,"site-sidebar-layout":"default","site-content-layout":"default","ast-site-content-layout":"default","site-content-style":"default","site-sidebar-style":"default","ast-global-header-display":"","ast-banner-title-visibility":"","ast-main-header-display":"","ast-hfb-above-header-display":"","ast-hfb-below-header-display":"","ast-hfb-mobile-header-display":"","site-post-title":"","ast-breadcrumbs-content":"","ast-featured-img":"","footer-sml-layout":"","ast-disable-related-posts":"","theme-transparent-header-meta":"default","adv-header-id-meta":"","stick-header-meta":"","header-above-stick-meta":"","header-main-stick-meta":"","header-below-stick-meta":"","astra-migrate-meta-layouts":"set","ast-page-background-enabled":"default","ast-page-background-meta":{"desktop":{"background-color":"","background-image":"","background-repeat":"repeat","background-position":"center center","background-size":"auto","background-attachment":"scroll","background-type":"","background-media":"","overlay-type":"","overlay-color":"","overlay-opacity":"","overlay-gradient":""},"tablet":{"background-color":"","background-image":"","background-repeat":"repeat","background-position":"center center","background-size":"auto","background-attachment":"scroll","background-type":"","background-media":"","overlay-type":"","overlay-color":"","overlay-opacity":"","overlay-gradient":""},"mobile":{"background-color":"","background-image":"","background-repeat":"repeat","background-position":"center center","background-size":"auto","background-attachment":"scroll","background-type":"","background-media":"","overlay-type":"","overlay-color":"","overlay-opacity":"","overlay-gradient":""}},"ast-content-background-meta":{"desktop":{"background-color":"var(--ast-global-color-5)","background-image":"","background-repeat":"repeat","background-position":"center center","background-size":"auto","background-attachment":"scroll","background-type":"","background-media":"","overlay-type":"","overlay-color":"","overlay-opacity":"","overlay-gradient":""},"tablet":{"background-color":"var(--ast-global-color-5)","background-image":"","background-repeat":"repeat","background-position":"center center","background-size":"auto","background-attachment":"scroll","background-type":"","background-media":"","overlay-type":"","overlay-color":"","overlay-opacity":"","overlay-gradient":""},"mobile":{"background-color":"var(--ast-global-color-5)","background-image":"","background-repeat":"repeat","background-position":"center center","background-size":"auto","background-attachment":"scroll","background-type":"","background-media":"","overlay-type":"","overlay-color":"","overlay-opacity":"","overlay-gradient":""}}},"product_brand":[],"product_cat":[33,54],"product_tag":[],"class_list":{"0":"post-4471","1":"product","2":"type-product","3":"status-publish","4":"has-post-thumbnail","6":"product_cat-fromages","7":"product_cat-rebibes","8":"product_shipping_class-prioritaire","9":"desktop-align-center","10":"tablet-align-center","11":"mobile-align-center","13":"first","14":"instock","15":"featured","16":"taxable","17":"shipping-taxable","18":"purchasable","19":"product-type-simple"},"acf":[],"_links":{"self":[{"href":"https:\/\/etivaz-aop.ch\/de\/wp-json\/wp\/v2\/product\/4471","targetHints":{"allow":["GET"]}}],"collection":[{"href":"https:\/\/etivaz-aop.ch\/de\/wp-json\/wp\/v2\/product"}],"about":[{"href":"https:\/\/etivaz-aop.ch\/de\/wp-json\/wp\/v2\/types\/product"}],"wp:featuredmedia":[{"embeddable":true,"href":"https:\/\/etivaz-aop.ch\/de\/wp-json\/wp\/v2\/media\/4511"}],"wp:attachment":[{"href":"https:\/\/etivaz-aop.ch\/de\/wp-json\/wp\/v2\/media?parent=4471"}],"wp:term":[{"taxonomy":"product_brand","embeddable":true,"href":"https:\/\/etivaz-aop.ch\/de\/wp-json\/wp\/v2\/product_brand?post=4471"},{"taxonomy":"product_cat","embeddable":true,"href":"https:\/\/etivaz-aop.ch\/de\/wp-json\/wp\/v2\/product_cat?post=4471"},{"taxonomy":"product_tag","embeddable":true,"href":"https:\/\/etivaz-aop.ch\/de\/wp-json\/wp\/v2\/product_tag?post=4471"}],"curies":[{"name":"wp","href":"https:\/\/api.w.org\/{rel}","templated":true}]}}