{"id":4372,"date":"2021-01-26T17:45:46","date_gmt":"2021-01-26T16:45:46","guid":{"rendered":"https:\/\/shop-etivaz-aop.techniconcept.ch\/?post_type=product&#038;p=4372"},"modified":"2025-12-24T13:12:32","modified_gmt":"2025-12-24T12:12:32","slug":"t-shirt-damen-klassischer-schnitt","status":"publish","type":"product","link":"https:\/\/etivaz-aop.ch\/de\/produit\/t-shirt-femme-coupe-classique\/","title":{"rendered":"T-shirt <br\/><span class=\"subtitle\">Damen<br\/><span class=\"subtitle\"><\/span>"},"content":{"rendered":"<p>Dieses T-Shirt bietet einen femininen, taillierten und bequemen Schnitt. Der Stoff ist weniger elastisch und l\u00e4sst mehr Raum f\u00fcr Bewegungen. Es gibt helle und klassische Farben. Das Logo ist auf der Vorderseite ausgeschnitten und hinten zwischen den Schulterbl\u00e4ttern ganz klein.<\/p>\n<p>&nbsp;<\/p>\n<p><strong>Waschen<\/strong> : Am besten bei 30\u00b0 und nicht in den Trockner geben<\/p>","protected":false},"excerpt":{"rendered":"<p>Ce t-shirt propose une coupe f\u00e9minine, cintr\u00e9e et confortable. Le tissu est moins \u00e9lastique, il laisse plus de place pour les mouvements. Des couleurs vives ou classiques sont propos\u00e9es, avec le logo d\u00e9coup\u00e9 sur le devant et entier en petit \u00e0 l&rsquo;arri\u00e8re, entre les omoplates. &nbsp; Lavage : De pr\u00e9f\u00e9rence \u00e0 30\u00b0 et ne pas [&hellip;]<\/p>\n","protected":false},"featured_media":10044,"template":"","meta":{"_acf_changed":false,"site-sidebar-layout":"default","site-content-layout":"default","ast-site-content-layout":"default","site-content-style":"default","site-sidebar-style":"default","ast-global-header-display":"","ast-banner-title-visibility":"","ast-main-header-display":"","ast-hfb-above-header-display":"","ast-hfb-below-header-display":"","ast-hfb-mobile-header-display":"","site-post-title":"","ast-breadcrumbs-content":"","ast-featured-img":"","footer-sml-layout":"","ast-disable-related-posts":"","theme-transparent-header-meta":"default","adv-header-id-meta":"","stick-header-meta":"","header-above-stick-meta":"","header-main-stick-meta":"","header-below-stick-meta":"","astra-migrate-meta-layouts":"set","ast-page-background-enabled":"default","ast-page-background-meta":{"desktop":{"background-color":"","background-image":"","background-repeat":"repeat","background-position":"center center","background-size":"auto","background-attachment":"scroll","background-type":"","background-media":"","overlay-type":"","overlay-color":"","overlay-opacity":"","overlay-gradient":""},"tablet":{"background-color":"","background-image":"","background-repeat":"repeat","background-position":"center center","background-size":"auto","background-attachment":"scroll","background-type":"","background-media":"","overlay-type":"","overlay-color":"","overlay-opacity":"","overlay-gradient":""},"mobile":{"background-color":"","background-image":"","background-repeat":"repeat","background-position":"center center","background-size":"auto","background-attachment":"scroll","background-type":"","background-media":"","overlay-type":"","overlay-color":"","overlay-opacity":"","overlay-gradient":""}},"ast-content-background-meta":{"desktop":{"background-color":"var(--ast-global-color-5)","background-image":"","background-repeat":"repeat","background-position":"center center","background-size":"auto","background-attachment":"scroll","background-type":"","background-media":"","overlay-type":"","overlay-color":"","overlay-opacity":"","overlay-gradient":""},"tablet":{"background-color":"var(--ast-global-color-5)","background-image":"","background-repeat":"repeat","background-position":"center center","background-size":"auto","background-attachment":"scroll","background-type":"","background-media":"","overlay-type":"","overlay-color":"","overlay-opacity":"","overlay-gradient":""},"mobile":{"background-color":"var(--ast-global-color-5)","background-image":"","background-repeat":"repeat","background-position":"center center","background-size":"auto","background-attachment":"scroll","background-type":"","background-media":"","overlay-type":"","overlay-color":"","overlay-opacity":"","overlay-gradient":""}}},"product_brand":[],"product_cat":[39,36],"product_tag":[],"class_list":{"0":"post-4372","1":"product","2":"type-product","3":"status-publish","4":"has-post-thumbnail","6":"product_cat-femme","7":"product_cat-habits","8":"desktop-align-center","9":"tablet-align-center","10":"mobile-align-center","12":"first","13":"instock","14":"taxable","15":"shipping-taxable","16":"purchasable","17":"product-type-variable"},"acf":[],"_links":{"self":[{"href":"https:\/\/etivaz-aop.ch\/de\/wp-json\/wp\/v2\/product\/4372","targetHints":{"allow":["GET"]}}],"collection":[{"href":"https:\/\/etivaz-aop.ch\/de\/wp-json\/wp\/v2\/product"}],"about":[{"href":"https:\/\/etivaz-aop.ch\/de\/wp-json\/wp\/v2\/types\/product"}],"wp:featuredmedia":[{"embeddable":true,"href":"https:\/\/etivaz-aop.ch\/de\/wp-json\/wp\/v2\/media\/10044"}],"wp:attachment":[{"href":"https:\/\/etivaz-aop.ch\/de\/wp-json\/wp\/v2\/media?parent=4372"}],"wp:term":[{"taxonomy":"product_brand","embeddable":true,"href":"https:\/\/etivaz-aop.ch\/de\/wp-json\/wp\/v2\/product_brand?post=4372"},{"taxonomy":"product_cat","embeddable":true,"href":"https:\/\/etivaz-aop.ch\/de\/wp-json\/wp\/v2\/product_cat?post=4372"},{"taxonomy":"product_tag","embeddable":true,"href":"https:\/\/etivaz-aop.ch\/de\/wp-json\/wp\/v2\/product_tag?post=4372"}],"curies":[{"name":"wp","href":"https:\/\/api.w.org\/{rel}","templated":true}]}}