{"id":4127,"date":"2021-01-26T14:42:04","date_gmt":"2021-01-26T13:42:04","guid":{"rendered":"https:\/\/shop-etivaz-aop.techniconcept.ch\/?post_type=product&#038;p=4127"},"modified":"2025-12-16T09:26:39","modified_gmt":"2025-12-16T08:26:39","slug":"letivaz-jacke-ohne-kapuze","status":"publish","type":"product","link":"https:\/\/etivaz-aop.ch\/de\/produit\/jaquette-letivaz-sans-capuchon\/","title":{"rendered":"Jacke <br\/><span class=\"subtitle\">Herren<br\/><span class=\"subtitle\"><\/span>"},"content":{"rendered":"<p>Diese Jacke ist ideal f\u00fcr jede Jahreszeit. Ohne Kapuze bringt sie einen klassischeren, weniger legeren Stil mit sich. Diese Bekleidungslinie spiegelt die Bergseite wider und tr\u00e4gt die Farben des Scherenschnitts hoch, einer typischen Spezialit\u00e4t der Region Pays-d'Enhaut. Das Schweizer Kreuz auf dem \u00c4rmel ist eine Anspielung auf den Ursprung unseres Alpk\u00e4ses, das ausgeschnittene Logo auf dem R\u00fccken verleiht dem Ganzen einen schr\u00e4gen und modernen Ton.<\/p>\n<p><strong>Waschen<\/strong> : Am besten bei 30\u00b0 und nicht in den Trockner geben<\/p>","protected":false},"excerpt":{"rendered":"<p>Cette jaquette est id\u00e9ale en toute saison. Sans capuchon, elle am\u00e8ne un style plus classique, moins d\u00e9contract\u00e9. Cette gamme d&rsquo;habits refl\u00e8te le c\u00f4t\u00e9 montagne et porte haut les couleurs du d\u00e9coupage, sp\u00e9cialit\u00e9 typique de la r\u00e9gion du Pays-d&rsquo;Enhaut. Si la croix suisse sur la manche est un clin d&rsquo;\u0153il \u00e0 l&rsquo;origine de notre fromage d&rsquo;alpage, [&hellip;]<\/p>\n","protected":false},"featured_media":9527,"template":"","meta":{"_acf_changed":false,"site-sidebar-layout":"default","site-content-layout":"default","ast-site-content-layout":"default","site-content-style":"default","site-sidebar-style":"default","ast-global-header-display":"","ast-banner-title-visibility":"","ast-main-header-display":"","ast-hfb-above-header-display":"","ast-hfb-below-header-display":"","ast-hfb-mobile-header-display":"","site-post-title":"","ast-breadcrumbs-content":"","ast-featured-img":"","footer-sml-layout":"","ast-disable-related-posts":"","theme-transparent-header-meta":"default","adv-header-id-meta":"","stick-header-meta":"","header-above-stick-meta":"","header-main-stick-meta":"","header-below-stick-meta":"","astra-migrate-meta-layouts":"set","ast-page-background-enabled":"default","ast-page-background-meta":{"desktop":{"background-color":"","background-image":"","background-repeat":"repeat","background-position":"center center","background-size":"auto","background-attachment":"scroll","background-type":"","background-media":"","overlay-type":"","overlay-color":"","overlay-opacity":"","overlay-gradient":""},"tablet":{"background-color":"","background-image":"","background-repeat":"repeat","background-position":"center center","background-size":"auto","background-attachment":"scroll","background-type":"","background-media":"","overlay-type":"","overlay-color":"","overlay-opacity":"","overlay-gradient":""},"mobile":{"background-color":"","background-image":"","background-repeat":"repeat","background-position":"center center","background-size":"auto","background-attachment":"scroll","background-type":"","background-media":"","overlay-type":"","overlay-color":"","overlay-opacity":"","overlay-gradient":""}},"ast-content-background-meta":{"desktop":{"background-color":"var(--ast-global-color-5)","background-image":"","background-repeat":"repeat","background-position":"center center","background-size":"auto","background-attachment":"scroll","background-type":"","background-media":"","overlay-type":"","overlay-color":"","overlay-opacity":"","overlay-gradient":""},"tablet":{"background-color":"var(--ast-global-color-5)","background-image":"","background-repeat":"repeat","background-position":"center center","background-size":"auto","background-attachment":"scroll","background-type":"","background-media":"","overlay-type":"","overlay-color":"","overlay-opacity":"","overlay-gradient":""},"mobile":{"background-color":"var(--ast-global-color-5)","background-image":"","background-repeat":"repeat","background-position":"center center","background-size":"auto","background-attachment":"scroll","background-type":"","background-media":"","overlay-type":"","overlay-color":"","overlay-opacity":"","overlay-gradient":""}}},"product_brand":[],"product_cat":[36,40],"product_tag":[],"class_list":{"0":"post-4127","1":"product","2":"type-product","3":"status-publish","4":"has-post-thumbnail","6":"product_cat-habits","7":"product_cat-homme","8":"desktop-align-center","9":"tablet-align-center","10":"mobile-align-center","12":"first","13":"instock","14":"taxable","15":"shipping-taxable","16":"purchasable","17":"product-type-variable"},"acf":[],"_links":{"self":[{"href":"https:\/\/etivaz-aop.ch\/de\/wp-json\/wp\/v2\/product\/4127","targetHints":{"allow":["GET"]}}],"collection":[{"href":"https:\/\/etivaz-aop.ch\/de\/wp-json\/wp\/v2\/product"}],"about":[{"href":"https:\/\/etivaz-aop.ch\/de\/wp-json\/wp\/v2\/types\/product"}],"wp:featuredmedia":[{"embeddable":true,"href":"https:\/\/etivaz-aop.ch\/de\/wp-json\/wp\/v2\/media\/9527"}],"wp:attachment":[{"href":"https:\/\/etivaz-aop.ch\/de\/wp-json\/wp\/v2\/media?parent=4127"}],"wp:term":[{"taxonomy":"product_brand","embeddable":true,"href":"https:\/\/etivaz-aop.ch\/de\/wp-json\/wp\/v2\/product_brand?post=4127"},{"taxonomy":"product_cat","embeddable":true,"href":"https:\/\/etivaz-aop.ch\/de\/wp-json\/wp\/v2\/product_cat?post=4127"},{"taxonomy":"product_tag","embeddable":true,"href":"https:\/\/etivaz-aop.ch\/de\/wp-json\/wp\/v2\/product_tag?post=4127"}],"curies":[{"name":"wp","href":"https:\/\/api.w.org\/{rel}","templated":true}]}}