{"id":3891,"date":"2020-11-13T14:12:13","date_gmt":"2020-11-13T13:12:13","guid":{"rendered":"https:\/\/local.etivaz-aop.ch\/?post_type=product&#038;p=3891"},"modified":"2025-02-10T17:13:20","modified_gmt":"2025-02-10T16:13:20","slug":"floten","status":"publish","type":"product","link":"https:\/\/etivaz-aop.ch\/de\/produit\/flutes\/","title":{"rendered":"Knusprige Fl\u00fbtes <br\/><span class=\"subtitle\">mit L'Etivaz AOP<br\/><span class=\"subtitle\"><\/span>"},"content":{"rendered":"<p><span style=\"font-size: 16px;\">Diese knusprigen Fl\u00fbtes, eine Kreation unserer lokalen B\u00e4ckermeisterin Marianne Tille, werden Ihren Gaumen verzaubern. Leicht und sehr sch\u00f6n gedreht, wird die Feinheit ihrer Ausf\u00fchrung durch den subtilen Geschmack des L'Etivaz AOP hervorgehoben, der mit Feingef\u00fchl dosiert wird. Probieren Sie die Aperitif-Kombination aus Ihrem Lieblingsgetr\u00e4nk und diesen au\u00dfergew\u00f6hnlichen Fl\u00f6ten, und Sie werden nicht mehr darauf verzichten wollen!<\/span><\/p>\n<p><em><strong>ACHTUNG!!!<br \/>\n<\/strong>Dieses Produkt ist von Natur aus br\u00f6ckelig. Wir treffen alle Vorsichtsma\u00dfnahmen, um es beim Versand zu sch\u00fctzen. Wir k\u00f6nnen jedoch nicht garantieren, dass das Produkt bei der Ankunft bei Ihnen v\u00f6llig unversehrt ist. Vielen Dank f\u00fcr Ihr Verst\u00e4ndnis.<\/em><\/p>","protected":false},"excerpt":{"rendered":"<p>Elegant, eher knackig, vereinen diese Fl\u00f6ten \u00c4sthetik und Geschmack...<\/p>\n<p><em><strong>ACHTUNG!!!<br \/>\n<\/strong>Dieses Produkt ist von Natur aus br\u00f6ckelig. Wir treffen alle Vorsichtsma\u00dfnahmen, um es beim Versand zu sch\u00fctzen. Wir k\u00f6nnen jedoch nicht garantieren, dass das Produkt bei der Ankunft bei Ihnen v\u00f6llig unversehrt ist. Vielen Dank f\u00fcr Ihr Verst\u00e4ndnis.<\/em><\/p>","protected":false},"featured_media":3892,"template":"","meta":{"_acf_changed":false,"site-sidebar-layout":"default","site-content-layout":"default","ast-site-content-layout":"default","site-content-style":"default","site-sidebar-style":"default","ast-global-header-display":"","ast-banner-title-visibility":"","ast-main-header-display":"","ast-hfb-above-header-display":"","ast-hfb-below-header-display":"","ast-hfb-mobile-header-display":"","site-post-title":"","ast-breadcrumbs-content":"","ast-featured-img":"","footer-sml-layout":"","ast-disable-related-posts":"","theme-transparent-header-meta":"default","adv-header-id-meta":"","stick-header-meta":"","header-above-stick-meta":"","header-main-stick-meta":"","header-below-stick-meta":"","astra-migrate-meta-layouts":"set","ast-page-background-enabled":"default","ast-page-background-meta":{"desktop":{"background-color":"","background-image":"","background-repeat":"repeat","background-position":"center center","background-size":"auto","background-attachment":"scroll","background-type":"","background-media":"","overlay-type":"","overlay-color":"","overlay-opacity":"","overlay-gradient":""},"tablet":{"background-color":"","background-image":"","background-repeat":"repeat","background-position":"center center","background-size":"auto","background-attachment":"scroll","background-type":"","background-media":"","overlay-type":"","overlay-color":"","overlay-opacity":"","overlay-gradient":""},"mobile":{"background-color":"","background-image":"","background-repeat":"repeat","background-position":"center center","background-size":"auto","background-attachment":"scroll","background-type":"","background-media":"","overlay-type":"","overlay-color":"","overlay-opacity":"","overlay-gradient":""}},"ast-content-background-meta":{"desktop":{"background-color":"var(--ast-global-color-5)","background-image":"","background-repeat":"repeat","background-position":"center center","background-size":"auto","background-attachment":"scroll","background-type":"","background-media":"","overlay-type":"","overlay-color":"","overlay-opacity":"","overlay-gradient":""},"tablet":{"background-color":"var(--ast-global-color-5)","background-image":"","background-repeat":"repeat","background-position":"center center","background-size":"auto","background-attachment":"scroll","background-type":"","background-media":"","overlay-type":"","overlay-color":"","overlay-opacity":"","overlay-gradient":""},"mobile":{"background-color":"var(--ast-global-color-5)","background-image":"","background-repeat":"repeat","background-position":"center center","background-size":"auto","background-attachment":"scroll","background-type":"","background-media":"","overlay-type":"","overlay-color":"","overlay-opacity":"","overlay-gradient":""}}},"product_brand":[],"product_cat":[33,60],"product_tag":[],"class_list":{"0":"post-3891","1":"product","2":"type-product","3":"status-publish","4":"has-post-thumbnail","6":"product_cat-fromages","7":"product_cat-specialites-au-letivaz-aop","8":"desktop-align-center","9":"tablet-align-center","10":"mobile-align-center","12":"first","13":"instock","14":"featured","15":"taxable","16":"shipping-taxable","17":"purchasable","18":"product-type-simple"},"acf":[],"_links":{"self":[{"href":"https:\/\/etivaz-aop.ch\/de\/wp-json\/wp\/v2\/product\/3891","targetHints":{"allow":["GET"]}}],"collection":[{"href":"https:\/\/etivaz-aop.ch\/de\/wp-json\/wp\/v2\/product"}],"about":[{"href":"https:\/\/etivaz-aop.ch\/de\/wp-json\/wp\/v2\/types\/product"}],"wp:featuredmedia":[{"embeddable":true,"href":"https:\/\/etivaz-aop.ch\/de\/wp-json\/wp\/v2\/media\/3892"}],"wp:attachment":[{"href":"https:\/\/etivaz-aop.ch\/de\/wp-json\/wp\/v2\/media?parent=3891"}],"wp:term":[{"taxonomy":"product_brand","embeddable":true,"href":"https:\/\/etivaz-aop.ch\/de\/wp-json\/wp\/v2\/product_brand?post=3891"},{"taxonomy":"product_cat","embeddable":true,"href":"https:\/\/etivaz-aop.ch\/de\/wp-json\/wp\/v2\/product_cat?post=3891"},{"taxonomy":"product_tag","embeddable":true,"href":"https:\/\/etivaz-aop.ch\/de\/wp-json\/wp\/v2\/product_tag?post=3891"}],"curies":[{"name":"wp","href":"https:\/\/api.w.org\/{rel}","templated":true}]}}