{"id":14829,"date":"2025-10-11T09:46:11","date_gmt":"2025-10-11T07:46:11","guid":{"rendered":"https:\/\/etivaz-aop.ch\/?post_type=product&#038;p=14829"},"modified":"2025-10-11T09:46:35","modified_gmt":"2025-10-11T07:46:35","slug":"bd-im-land-von-letivaz","status":"publish","type":"product","link":"https:\/\/etivaz-aop.ch\/de\/produit\/bd-au-pays-de-letivaz\/","title":{"rendered":"Comic - Im Land von Etivaz"},"content":{"rendered":"<p>Da ihnen droht, ihre Alm verlassen zu m\u00fcssen, was f\u00fcr die Familienmitglieder von Tom und Lizette eine radikale und undenkbare Ver\u00e4nderung ihres Lebens bedeutet, werden sie alles daran setzen, sie zu erhalten. Doch die Sturheit des Almbesitzers wird zu wachsenden Spannungen f\u00fchren, und der letzte Sommer im Tal am Ende von L'Etivaz wird f\u00fcr jeden Einzelnen entscheidend sein. Die Einfachheit, der Humor und die Frische von Tom und Lizette, die von ihrem Huhn Pipelette begleitet werden, werden die Zutaten sein, um Frieden und Vers\u00f6hnung zu bringen. Egal, welchen Preis sie daf\u00fcr zahlen m\u00fcssen!<\/p>\n<p>Im Pays-d'Enhaut spielen die Landwirtschaft und die Herstellung des ber\u00fchmten Alpk\u00e4ses L'Etivaz AOP eine wesentliche Rolle. Mit atemberaubenden Landschaften und einem idyllischen Lebensumfeld k\u00f6nnen Sie auf den Abenteuern von Tom und Lizette auf Entdeckungsreise gehen und dieses lebendige, kulturelle und menschliche Erbe kennenlernen.<\/p>","protected":false},"excerpt":{"rendered":"<p>Im Pays-d'Enhaut spielen die Landwirtschaft und die Herstellung des ber\u00fchmten Alpk\u00e4ses L'Etivaz AOP eine wesentliche Rolle. Mit atemberaubenden Landschaften und einem idyllischen Lebensumfeld k\u00f6nnen Sie auf den Abenteuern von Tom und Lizette auf Entdeckungsreise gehen und dieses lebendige, kulturelle und menschliche Erbe kennenlernen.<\/p>","protected":false},"featured_media":14830,"template":"","meta":{"_acf_changed":false,"site-sidebar-layout":"default","site-content-layout":"","ast-site-content-layout":"default","site-content-style":"default","site-sidebar-style":"default","ast-global-header-display":"","ast-banner-title-visibility":"","ast-main-header-display":"","ast-hfb-above-header-display":"","ast-hfb-below-header-display":"","ast-hfb-mobile-header-display":"","site-post-title":"","ast-breadcrumbs-content":"","ast-featured-img":"","footer-sml-layout":"","ast-disable-related-posts":"","theme-transparent-header-meta":"default","adv-header-id-meta":"","stick-header-meta":"","header-above-stick-meta":"","header-main-stick-meta":"","header-below-stick-meta":"","astra-migrate-meta-layouts":"set","ast-page-background-enabled":"default","ast-page-background-meta":{"desktop":{"background-color":"","background-image":"","background-repeat":"repeat","background-position":"center center","background-size":"auto","background-attachment":"scroll","background-type":"","background-media":"","overlay-type":"","overlay-color":"","overlay-opacity":"","overlay-gradient":""},"tablet":{"background-color":"","background-image":"","background-repeat":"repeat","background-position":"center center","background-size":"auto","background-attachment":"scroll","background-type":"","background-media":"","overlay-type":"","overlay-color":"","overlay-opacity":"","overlay-gradient":""},"mobile":{"background-color":"","background-image":"","background-repeat":"repeat","background-position":"center center","background-size":"auto","background-attachment":"scroll","background-type":"","background-media":"","overlay-type":"","overlay-color":"","overlay-opacity":"","overlay-gradient":""}},"ast-content-background-meta":{"desktop":{"background-color":"var(--ast-global-color-5)","background-image":"","background-repeat":"repeat","background-position":"center center","background-size":"auto","background-attachment":"scroll","background-type":"","background-media":"","overlay-type":"","overlay-color":"","overlay-opacity":"","overlay-gradient":""},"tablet":{"background-color":"var(--ast-global-color-5)","background-image":"","background-repeat":"repeat","background-position":"center center","background-size":"auto","background-attachment":"scroll","background-type":"","background-media":"","overlay-type":"","overlay-color":"","overlay-opacity":"","overlay-gradient":""},"mobile":{"background-color":"var(--ast-global-color-5)","background-image":"","background-repeat":"repeat","background-position":"center center","background-size":"auto","background-attachment":"scroll","background-type":"","background-media":"","overlay-type":"","overlay-color":"","overlay-opacity":"","overlay-gradient":""}}},"product_brand":[],"product_cat":[42],"product_tag":[],"class_list":{"0":"post-14829","1":"product","2":"type-product","3":"status-publish","4":"has-post-thumbnail","6":"product_cat-accessoires","7":"desktop-align-center","8":"tablet-align-center","9":"mobile-align-center","11":"first","12":"instock","13":"taxable","14":"shipping-taxable","15":"purchasable","16":"product-type-simple"},"acf":[],"_links":{"self":[{"href":"https:\/\/etivaz-aop.ch\/de\/wp-json\/wp\/v2\/product\/14829","targetHints":{"allow":["GET"]}}],"collection":[{"href":"https:\/\/etivaz-aop.ch\/de\/wp-json\/wp\/v2\/product"}],"about":[{"href":"https:\/\/etivaz-aop.ch\/de\/wp-json\/wp\/v2\/types\/product"}],"wp:featuredmedia":[{"embeddable":true,"href":"https:\/\/etivaz-aop.ch\/de\/wp-json\/wp\/v2\/media\/14830"}],"wp:attachment":[{"href":"https:\/\/etivaz-aop.ch\/de\/wp-json\/wp\/v2\/media?parent=14829"}],"wp:term":[{"taxonomy":"product_brand","embeddable":true,"href":"https:\/\/etivaz-aop.ch\/de\/wp-json\/wp\/v2\/product_brand?post=14829"},{"taxonomy":"product_cat","embeddable":true,"href":"https:\/\/etivaz-aop.ch\/de\/wp-json\/wp\/v2\/product_cat?post=14829"},{"taxonomy":"product_tag","embeddable":true,"href":"https:\/\/etivaz-aop.ch\/de\/wp-json\/wp\/v2\/product_tag?post=14829"}],"curies":[{"name":"wp","href":"https:\/\/api.w.org\/{rel}","templated":true}]}}