{"id":12119,"date":"2024-10-27T08:54:33","date_gmt":"2024-10-27T07:54:33","guid":{"rendered":"https:\/\/etivaz-aop.ch\/?post_type=product&#038;p=12119"},"modified":"2024-10-27T09:21:18","modified_gmt":"2024-10-27T08:21:18","slug":"fondue-mit-intensivem-geschmack","status":"publish","type":"product","link":"https:\/\/etivaz-aop.ch\/de\/produit\/fondue-saveur-intense\/","title":{"rendered":"Fondue Saveur Intense -100% L\u2019Etivaz AOP"},"content":{"rendered":"<p>Dieses Fondue besteht ausschlie\u00dflich aus <a href=\"https:\/\/shop-etivaz-aop.techniconcept.ch\/product-category\/fromages\/letivaz-aop-conventionnel\/\">L\u2019Etivaz AOP<\/a> und unterscheidet sich vom klassischen Fondue durch einen feineren geriebenen K\u00e4se, der es noch cremiger macht.<\/p>\n<p>Er ist gebrauchsfertig und muss nur noch mit Wei\u00dfwein, Bier oder Champagner aufgef\u00fcllt werden. Ihr einzigartiger Geschmack verleiht Ihren Mahlzeiten eine gesellige und authentische Atmosph\u00e4re. Diese cremige Mischung mit ihrem kr\u00e4ftigen Alpengeschmack kann das ganze Jahr \u00fcber genossen werden!<\/p>\n<p><em>Hinweis f\u00fcr Feinschmecker: Das Fondue kann bis zu sechs Monate im Gefrierschrank aufbewahrt werden, ohne dass sich der Geschmack ver\u00e4ndert. Es ist immer gut, ein Fondue zur Hand zu haben!<\/em><\/p>\n<p>&nbsp;<\/p>","protected":false},"excerpt":{"rendered":"<p>Dieses Fondue besteht ausschlie\u00dflich aus L'Etivaz AOP in verschiedenen Reifungsstadien, um den Geschmack auszugleichen. Es ist cremig und raffiniert.<\/p>\n<p><em><strong>Hinweis f\u00fcr Feinschmecker:<\/strong> Das Fondue h\u00e4lt sich im Gefrierschrank bis zu sechs Monate, ohne dass sich der Geschmack ver\u00e4ndert. Es ist immer gut, ein Fondue zur Hand zu haben!<\/em><\/p>","protected":false},"featured_media":12124,"template":"","meta":{"_acf_changed":false,"site-sidebar-layout":"default","site-content-layout":"default","ast-site-content-layout":"default","site-content-style":"default","site-sidebar-style":"default","ast-global-header-display":"","ast-banner-title-visibility":"","ast-main-header-display":"","ast-hfb-above-header-display":"","ast-hfb-below-header-display":"","ast-hfb-mobile-header-display":"","site-post-title":"","ast-breadcrumbs-content":"","ast-featured-img":"","footer-sml-layout":"","ast-disable-related-posts":"","theme-transparent-header-meta":"default","adv-header-id-meta":"","stick-header-meta":"","header-above-stick-meta":"","header-main-stick-meta":"","header-below-stick-meta":"","astra-migrate-meta-layouts":"set","ast-page-background-enabled":"default","ast-page-background-meta":{"desktop":{"background-color":"","background-image":"","background-repeat":"repeat","background-position":"center center","background-size":"auto","background-attachment":"scroll","background-type":"","background-media":"","overlay-type":"","overlay-color":"","overlay-opacity":"","overlay-gradient":""},"tablet":{"background-color":"","background-image":"","background-repeat":"repeat","background-position":"center center","background-size":"auto","background-attachment":"scroll","background-type":"","background-media":"","overlay-type":"","overlay-color":"","overlay-opacity":"","overlay-gradient":""},"mobile":{"background-color":"","background-image":"","background-repeat":"repeat","background-position":"center center","background-size":"auto","background-attachment":"scroll","background-type":"","background-media":"","overlay-type":"","overlay-color":"","overlay-opacity":"","overlay-gradient":""}},"ast-content-background-meta":{"desktop":{"background-color":"var(--ast-global-color-5)","background-image":"","background-repeat":"repeat","background-position":"center center","background-size":"auto","background-attachment":"scroll","background-type":"","background-media":"","overlay-type":"","overlay-color":"","overlay-opacity":"","overlay-gradient":""},"tablet":{"background-color":"var(--ast-global-color-5)","background-image":"","background-repeat":"repeat","background-position":"center center","background-size":"auto","background-attachment":"scroll","background-type":"","background-media":"","overlay-type":"","overlay-color":"","overlay-opacity":"","overlay-gradient":""},"mobile":{"background-color":"var(--ast-global-color-5)","background-image":"","background-repeat":"repeat","background-position":"center center","background-size":"auto","background-attachment":"scroll","background-type":"","background-media":"","overlay-type":"","overlay-color":"","overlay-opacity":"","overlay-gradient":""}}},"product_brand":[],"product_cat":[33,55,56],"product_tag":[],"class_list":{"0":"post-12119","1":"product","2":"type-product","3":"status-publish","4":"has-post-thumbnail","6":"product_cat-fromages","7":"product_cat-letivaz-aop-conventionnel","8":"product_cat-melange-fondue","9":"product_shipping_class-prioritaire","10":"desktop-align-center","11":"tablet-align-center","12":"mobile-align-center","14":"first","15":"instock","16":"featured","17":"taxable","18":"shipping-taxable","19":"purchasable","20":"product-type-variable"},"acf":[],"_links":{"self":[{"href":"https:\/\/etivaz-aop.ch\/de\/wp-json\/wp\/v2\/product\/12119","targetHints":{"allow":["GET"]}}],"collection":[{"href":"https:\/\/etivaz-aop.ch\/de\/wp-json\/wp\/v2\/product"}],"about":[{"href":"https:\/\/etivaz-aop.ch\/de\/wp-json\/wp\/v2\/types\/product"}],"wp:featuredmedia":[{"embeddable":true,"href":"https:\/\/etivaz-aop.ch\/de\/wp-json\/wp\/v2\/media\/12124"}],"wp:attachment":[{"href":"https:\/\/etivaz-aop.ch\/de\/wp-json\/wp\/v2\/media?parent=12119"}],"wp:term":[{"taxonomy":"product_brand","embeddable":true,"href":"https:\/\/etivaz-aop.ch\/de\/wp-json\/wp\/v2\/product_brand?post=12119"},{"taxonomy":"product_cat","embeddable":true,"href":"https:\/\/etivaz-aop.ch\/de\/wp-json\/wp\/v2\/product_cat?post=12119"},{"taxonomy":"product_tag","embeddable":true,"href":"https:\/\/etivaz-aop.ch\/de\/wp-json\/wp\/v2\/product_tag?post=12119"}],"curies":[{"name":"wp","href":"https:\/\/api.w.org\/{rel}","templated":true}]}}