{"id":15913,"date":"2026-03-17T10:02:04","date_gmt":"2026-03-17T09:02:04","guid":{"rendered":"https:\/\/etivaz-aop.ch\/?page_id=15913"},"modified":"2026-03-23T09:31:36","modified_gmt":"2026-03-23T08:31:36","slug":"multimedia-2","status":"publish","type":"page","link":"https:\/\/etivaz-aop.ch\/de\/multimedia-2\/","title":{"rendered":"Blumen und Pflanzen unserer Almen"},"content":{"rendered":"<div data-elementor-type=\"wp-page\" data-elementor-id=\"15913\" class=\"elementor elementor-15913\" data-elementor-post-type=\"page\">\n\t\t\t\t\t\t<section class=\"elementor-section elementor-top-section elementor-element elementor-element-663c8f67 elementor-section-height-min-height elementor-section-boxed elementor-section-height-default elementor-section-items-middle\" data-id=\"663c8f67\" data-element_type=\"section\" data-e-type=\"section\" data-settings=\"{&quot;background_background&quot;:&quot;classic&quot;}\">\n\t\t\t\t\t\t\t<div class=\"elementor-background-overlay\"><\/div>\n\t\t\t\t\t\t\t<div class=\"elementor-container elementor-column-gap-default\">\n\t\t\t\t\t<div class=\"elementor-column elementor-col-100 elementor-top-column elementor-element elementor-element-9979173\" data-id=\"9979173\" data-element_type=\"column\" data-e-type=\"column\">\n\t\t\t<div class=\"elementor-widget-wrap elementor-element-populated\">\n\t\t\t\t\t\t<div class=\"elementor-element elementor-element-4b639bff elementor-widget elementor-widget-heading\" data-id=\"4b639bff\" data-element_type=\"widget\" data-e-type=\"widget\" data-widget_type=\"heading.default\">\n\t\t\t\t<div class=\"elementor-widget-container\">\n\t\t\t\t\t<h1 class=\"elementor-heading-title elementor-size-default\">Blumen und Pflanzen unserer Almen<\/h1>\t\t\t\t<\/div>\n\t\t\t\t<\/div>\n\t\t\t\t\t<\/div>\n\t\t<\/div>\n\t\t\t\t\t<\/div>\n\t\t<\/section>\n\t\t\t\t<section class=\"elementor-section elementor-top-section elementor-element elementor-element-3ba83a1a elementor-section-boxed elementor-section-height-default elementor-section-height-default\" data-id=\"3ba83a1a\" data-element_type=\"section\" data-e-type=\"section\" data-settings=\"{&quot;background_background&quot;:&quot;classic&quot;}\">\n\t\t\t\t\t\t<div class=\"elementor-container elementor-column-gap-default\">\n\t\t\t\t\t<div class=\"elementor-column elementor-col-100 elementor-top-column elementor-element elementor-element-2e412cbc\" data-id=\"2e412cbc\" data-element_type=\"column\" data-e-type=\"column\">\n\t\t\t<div class=\"elementor-widget-wrap elementor-element-populated\">\n\t\t\t\t\t\t<div class=\"elementor-element elementor-element-23013344 elementor-widget elementor-widget-heading\" data-id=\"23013344\" data-element_type=\"widget\" data-e-type=\"widget\" data-widget_type=\"heading.default\">\n\t\t\t\t<div class=\"elementor-widget-container\">\n\t\t\t\t\t<h2 class=\"elementor-heading-title elementor-size-default\">27. September 1999: eine historische Anerkennung<\/h2>\t\t\t\t<\/div>\n\t\t\t\t<\/div>\n\t\t\t\t<div class=\"elementor-element elementor-element-3c17675a elementor-widget elementor-widget-text-editor\" data-id=\"3c17675a\" data-element_type=\"widget\" data-e-type=\"widget\" data-widget_type=\"text-editor.default\">\n\t\t\t\t<div class=\"elementor-widget-container\">\n\t\t\t\t\t\t\t\t\t<p><span data-olk-copy-source=\"MessageBody\">Am 27. September 1999 wurde L'\u00c9tivaz als erster Lebensmittelk\u00e4se der Schweiz mit der gesch\u00fctzten Ursprungsbezeichnung (AOP) ausgezeichnet.<\/span><\/p><p>Diese Anerkennung beruht insbesondere auf dem au\u00dfergew\u00f6hnlichen botanischen Reichtum der Almen, aber auch auf der engen Verbindung zwischen der Natur, den alpinen Traditionen und dem Know-how der Almbauern.<\/p><p>Die hochgelegenen Weiden beherbergen mehr als 237 registrierte botanische Arten und bieten den K\u00fchen w\u00e4hrend der S\u00f6mmerung ein nat\u00fcrliches und abwechslungsreiches Futter. Diese Blumenvielfalt spiegelt sich auch im K\u00e4se wider: Bis zu 56 verschiedene Aromen k\u00f6nnen im L'\u00c9tivaz AOP identifiziert werden.<\/p>\t\t\t\t\t\t\t\t<\/div>\n\t\t\t\t<\/div>\n\t\t\t\t\t<\/div>\n\t\t<\/div>\n\t\t\t\t\t<\/div>\n\t\t<\/section>\n\t\t\t\t<section class=\"elementor-section elementor-top-section elementor-element elementor-element-166b72be elementor-section-boxed elementor-section-height-default elementor-section-height-default\" data-id=\"166b72be\" data-element_type=\"section\" data-e-type=\"section\">\n\t\t\t\t\t\t<div class=\"elementor-container elementor-column-gap-default\">\n\t\t\t\t\t<div class=\"elementor-column elementor-col-100 elementor-top-column elementor-element elementor-element-56110ed5\" data-id=\"56110ed5\" data-element_type=\"column\" data-e-type=\"column\">\n\t\t\t<div class=\"elementor-widget-wrap elementor-element-populated\">\n\t\t\t\t\t\t<div class=\"elementor-element elementor-element-851d593 elementor-widget elementor-widget-heading\" data-id=\"851d593\" data-element_type=\"widget\" data-e-type=\"widget\" data-widget_type=\"heading.default\">\n\t\t\t\t<div class=\"elementor-widget-container\">\n\t\t\t\t\t<h2 class=\"elementor-heading-title elementor-size-default\">Pflanzenreichtum der Almen<\/h2>\t\t\t\t<\/div>\n\t\t\t\t<\/div>\n\t\t\t\t<div class=\"elementor-element elementor-element-1192a69 gallery-spacing-custom elementor-widget elementor-widget-image-gallery\" data-id=\"1192a69\" data-element_type=\"widget\" data-e-type=\"widget\" data-widget_type=\"image-gallery.default\">\n\t\t\t\t<div class=\"elementor-widget-container\">\n\t\t\t\t\t\t\t<div class=\"elementor-image-gallery\">\n\t\t\t<div id='gallery-1' class='gallery galleryid-15913 gallery-columns-6 gallery-size-medium'><figure class='gallery-item'>\n\t\t\t<div class='gallery-icon portrait'>\n\t\t\t\t<a data-elementor-open-lightbox=\"yes\" data-elementor-lightbox-slideshow=\"1192a69\" data-elementor-lightbox-title=\"Petite_pimprenelle\" data-e-action-hash=\"#elementor-action%3Aaction%3Dlightbox%26settings%3DeyJpZCI6MTU5MTIsInVybCI6Imh0dHBzOlwvXC9ldGl2YXotYW9wLmNoXC93cC1jb250ZW50XC91cGxvYWRzXC8yMDI2XC8wM1wvUGV0aXRlX3BpbXByZW5lbGxlLmpwZyIsInNsaWRlc2hvdyI6IjExOTJhNjkifQ%3D%3D\" href='https:\/\/etivaz-aop.ch\/wp-content\/uploads\/2026\/03\/Petite_pimprenelle.jpg'><img fetchpriority=\"high\" decoding=\"async\" width=\"213\" height=\"300\" src=\"https:\/\/etivaz-aop.ch\/wp-content\/uploads\/2026\/03\/Petite_pimprenelle.jpg\" class=\"attachment-medium size-medium\" alt=\"\" aria-describedby=\"gallery-1-15912\" \/><\/a>\n\t\t\t<\/div>\n\t\t\t\t<figcaption class='wp-caption-text gallery-caption' id='gallery-1-15912'>\n\t\t\t\tKleine Pimpinelle\n\t\t\t\t<\/figcaption><\/figure><figure class='gallery-item'>\n\t\t\t<div class='gallery-icon portrait'>\n\t\t\t\t<a data-elementor-open-lightbox=\"yes\" data-elementor-lightbox-slideshow=\"1192a69\" data-elementor-lightbox-title=\"Les_Plantains\" data-e-action-hash=\"#elementor-action%3Aaction%3Dlightbox%26settings%3DeyJpZCI6MTU5MTEsInVybCI6Imh0dHBzOlwvXC9ldGl2YXotYW9wLmNoXC93cC1jb250ZW50XC91cGxvYWRzXC8yMDI2XC8wM1wvTGVzX1BsYW50YWlucy1zY2FsZWQuanBnIiwic2xpZGVzaG93IjoiMTE5MmE2OSJ9\" href='https:\/\/etivaz-aop.ch\/wp-content\/uploads\/2026\/03\/Les_Plantains-scaled.jpg'><img decoding=\"async\" width=\"213\" height=\"300\" src=\"https:\/\/etivaz-aop.ch\/wp-content\/uploads\/2026\/03\/Les_Plantains-213x300.jpg\" class=\"attachment-medium size-medium\" alt=\"\" aria-describedby=\"gallery-1-15911\" srcset=\"https:\/\/etivaz-aop.ch\/wp-content\/uploads\/2026\/03\/Les_Plantains-213x300.jpg 213w, https:\/\/etivaz-aop.ch\/wp-content\/uploads\/2026\/03\/Les_Plantains-728x1024.jpg 728w, https:\/\/etivaz-aop.ch\/wp-content\/uploads\/2026\/03\/Les_Plantains-768x1080.jpg 768w, https:\/\/etivaz-aop.ch\/wp-content\/uploads\/2026\/03\/Les_Plantains-1092x1536.jpg 1092w, https:\/\/etivaz-aop.ch\/wp-content\/uploads\/2026\/03\/Les_Plantains-1456x2048.jpg 1456w, https:\/\/etivaz-aop.ch\/wp-content\/uploads\/2026\/03\/Les_Plantains-9x12.jpg 9w, https:\/\/etivaz-aop.ch\/wp-content\/uploads\/2026\/03\/Les_Plantains-600x844.jpg 600w, https:\/\/etivaz-aop.ch\/wp-content\/uploads\/2026\/03\/Les_Plantains-scaled.jpg 1820w\" sizes=\"(max-width: 213px) 100vw, 213px\" \/><\/a>\n\t\t\t<\/div>\n\t\t\t\t<figcaption class='wp-caption-text gallery-caption' id='gallery-1-15911'>\n\t\t\t\tDie Spitzwegeriche\n\t\t\t\t<\/figcaption><\/figure><figure class='gallery-item'>\n\t\t\t<div class='gallery-icon portrait'>\n\t\t\t\t<a data-elementor-open-lightbox=\"yes\" data-elementor-lightbox-slideshow=\"1192a69\" data-elementor-lightbox-title=\"Le_Thym\" data-e-action-hash=\"#elementor-action%3Aaction%3Dlightbox%26settings%3DeyJpZCI6MTU5MTAsInVybCI6Imh0dHBzOlwvXC9ldGl2YXotYW9wLmNoXC93cC1jb250ZW50XC91cGxvYWRzXC8yMDI2XC8wM1wvTGVfVGh5bS5qcGciLCJzbGlkZXNob3ciOiIxMTkyYTY5In0%3D\" href='https:\/\/etivaz-aop.ch\/wp-content\/uploads\/2026\/03\/Le_Thym.jpg'><img decoding=\"async\" width=\"213\" height=\"300\" src=\"https:\/\/etivaz-aop.ch\/wp-content\/uploads\/2026\/03\/Le_Thym-213x300.jpg\" class=\"attachment-medium size-medium\" alt=\"\" aria-describedby=\"gallery-1-15910\" srcset=\"https:\/\/etivaz-aop.ch\/wp-content\/uploads\/2026\/03\/Le_Thym-213x300.jpg 213w, https:\/\/etivaz-aop.ch\/wp-content\/uploads\/2026\/03\/Le_Thym-728x1024.jpg 728w, https:\/\/etivaz-aop.ch\/wp-content\/uploads\/2026\/03\/Le_Thym-768x1080.jpg 768w, https:\/\/etivaz-aop.ch\/wp-content\/uploads\/2026\/03\/Le_Thym-9x12.jpg 9w, https:\/\/etivaz-aop.ch\/wp-content\/uploads\/2026\/03\/Le_Thym-600x844.jpg 600w\" sizes=\"(max-width: 213px) 100vw, 213px\" \/><\/a>\n\t\t\t<\/div>\n\t\t\t\t<figcaption class='wp-caption-text gallery-caption' id='gallery-1-15910'>\n\t\t\t\tDer Thymian \n\t\t\t\t<\/figcaption><\/figure><figure class='gallery-item'>\n\t\t\t<div class='gallery-icon portrait'>\n\t\t\t\t<a data-elementor-open-lightbox=\"yes\" data-elementor-lightbox-slideshow=\"1192a69\" data-elementor-lightbox-title=\"La_P\u00e2querette\" data-e-action-hash=\"#elementor-action%3Aaction%3Dlightbox%26settings%3DeyJpZCI6MTU5MDksInVybCI6Imh0dHBzOlwvXC9ldGl2YXotYW9wLmNoXC93cC1jb250ZW50XC91cGxvYWRzXC8yMDI2XC8wM1wvTGFfUGFxdWVyZXR0ZS5qcGciLCJzbGlkZXNob3ciOiIxMTkyYTY5In0%3D\" href='https:\/\/etivaz-aop.ch\/wp-content\/uploads\/2026\/03\/La_Paquerette.jpg'><img loading=\"lazy\" decoding=\"async\" width=\"213\" height=\"300\" src=\"https:\/\/etivaz-aop.ch\/wp-content\/uploads\/2026\/03\/La_Paquerette.jpg\" class=\"attachment-medium size-medium\" alt=\"\" aria-describedby=\"gallery-1-15909\" \/><\/a>\n\t\t\t<\/div>\n\t\t\t\t<figcaption class='wp-caption-text gallery-caption' id='gallery-1-15909'>\n\t\t\t\tDas G\u00e4nsebl\u00fcmchen \n\t\t\t\t<\/figcaption><\/figure><figure class='gallery-item'>\n\t\t\t<div class='gallery-icon portrait'>\n\t\t\t\t<a data-elementor-open-lightbox=\"yes\" data-elementor-lightbox-slideshow=\"1192a69\" data-elementor-lightbox-title=\"Alch\u00e9mille_vulgaire\" data-e-action-hash=\"#elementor-action%3Aaction%3Dlightbox%26settings%3DeyJpZCI6MTU5MDgsInVybCI6Imh0dHBzOlwvXC9ldGl2YXotYW9wLmNoXC93cC1jb250ZW50XC91cGxvYWRzXC8yMDI2XC8wM1wvQWxjaGVtaWxsZV92dWxnYWlyZS5qcGciLCJzbGlkZXNob3ciOiIxMTkyYTY5In0%3D\" href='https:\/\/etivaz-aop.ch\/wp-content\/uploads\/2026\/03\/Alchemille_vulgaire.jpg'><img loading=\"lazy\" decoding=\"async\" width=\"213\" height=\"300\" src=\"https:\/\/etivaz-aop.ch\/wp-content\/uploads\/2026\/03\/Alchemille_vulgaire.jpg\" class=\"attachment-medium size-medium\" alt=\"\" aria-describedby=\"gallery-1-15908\" \/><\/a>\n\t\t\t<\/div>\n\t\t\t\t<figcaption class='wp-caption-text gallery-caption' id='gallery-1-15908'>\n\t\t\t\tAlchemilla vulgaris\n\t\t\t\t<\/figcaption><\/figure><figure class='gallery-item'>\n\t\t\t<div class='gallery-icon portrait'>\n\t\t\t\t<a data-elementor-open-lightbox=\"yes\" data-elementor-lightbox-slideshow=\"1192a69\" data-elementor-lightbox-title=\"Screenshot\" data-e-action-hash=\"#elementor-action%3Aaction%3Dlightbox%26settings%3DeyJpZCI6MTU5NzIsInVybCI6Imh0dHBzOlwvXC9ldGl2YXotYW9wLmNoXC93cC1jb250ZW50XC91cGxvYWRzXC8yMDI2XC8wM1wvTGEtZmxvcmUtYXUtY29ldXItZHUtZ291dC5qcGciLCJzbGlkZXNob3ciOiIxMTkyYTY5In0%3D\" href='https:\/\/etivaz-aop.ch\/wp-content\/uploads\/2026\/03\/La-flore-au-coeur-du-gout.jpg'><img loading=\"lazy\" decoding=\"async\" width=\"218\" height=\"300\" src=\"https:\/\/etivaz-aop.ch\/wp-content\/uploads\/2026\/03\/La-flore-au-coeur-du-gout-218x300.jpg\" class=\"attachment-medium size-medium\" alt=\"\" aria-describedby=\"gallery-1-15972\" srcset=\"https:\/\/etivaz-aop.ch\/wp-content\/uploads\/2026\/03\/La-flore-au-coeur-du-gout-218x300.jpg 218w, https:\/\/etivaz-aop.ch\/wp-content\/uploads\/2026\/03\/La-flore-au-coeur-du-gout-745x1024.jpg 745w, https:\/\/etivaz-aop.ch\/wp-content\/uploads\/2026\/03\/La-flore-au-coeur-du-gout-768x1055.jpg 768w, https:\/\/etivaz-aop.ch\/wp-content\/uploads\/2026\/03\/La-flore-au-coeur-du-gout-1118x1536.jpg 1118w, https:\/\/etivaz-aop.ch\/wp-content\/uploads\/2026\/03\/La-flore-au-coeur-du-gout-1490x2048.jpg 1490w, https:\/\/etivaz-aop.ch\/wp-content\/uploads\/2026\/03\/La-flore-au-coeur-du-gout-9x12.jpg 9w, https:\/\/etivaz-aop.ch\/wp-content\/uploads\/2026\/03\/La-flore-au-coeur-du-gout-600x824.jpg 600w, https:\/\/etivaz-aop.ch\/wp-content\/uploads\/2026\/03\/La-flore-au-coeur-du-gout.jpg 1668w\" sizes=\"(max-width: 218px) 100vw, 218px\" \/><\/a>\n\t\t\t<\/div>\n\t\t\t\t<figcaption class='wp-caption-text gallery-caption' id='gallery-1-15972'>\n\t\t\t\tDie Flora im Herzen des Geschmacks \n\t\t\t\t<\/figcaption><\/figure>\n\t\t<\/div>\n\t\t<\/div>\n\t\t\t\t\t\t<\/div>\n\t\t\t\t<\/div>\n\t\t\t\t\t<\/div>\n\t\t<\/div>\n\t\t\t\t\t<\/div>\n\t\t<\/section>\n\t\t\t\t<\/div>","protected":false},"excerpt":{"rendered":"<p>Les fleurs et plantes de nos alpages 27 septembre 1999: une reconnaissance historique Le 27 septembre 1999, L\u2019\u00c9tivaz devient le premier fromage alimentaire de Suisse \u00e0 obtenir l\u2019Appellation d\u2019Origine Prot\u00e9g\u00e9e (AOP). Cette reconnaissance repose notamment sur la richesse botanique exceptionnelle des alpages, mais aussi sur le lien \u00e9troit entre la nature, les traditions alpestres et [&hellip;]<\/p>\n","protected":false},"author":1138,"featured_media":0,"parent":0,"menu_order":0,"comment_status":"closed","ping_status":"closed","template":"","meta":{"_acf_changed":false,"site-sidebar-layout":"no-sidebar","site-content-layout":"page-builder","ast-site-content-layout":"full-width-container","site-content-style":"default","site-sidebar-style":"default","ast-global-header-display":"","ast-banner-title-visibility":"","ast-main-header-display":"","ast-hfb-above-header-display":"","ast-hfb-below-header-display":"","ast-hfb-mobile-header-display":"","site-post-title":"disabled","ast-breadcrumbs-content":"","ast-featured-img":"disabled","footer-sml-layout":"","ast-disable-related-posts":"","theme-transparent-header-meta":"default","adv-header-id-meta":"","stick-header-meta":"","header-above-stick-meta":"","header-main-stick-meta":"","header-below-stick-meta":"","astra-migrate-meta-layouts":"set","ast-page-background-enabled":"default","ast-page-background-meta":{"desktop":{"background-color":"","background-image":"","background-repeat":"repeat","background-position":"center center","background-size":"auto","background-attachment":"scroll","background-type":"","background-media":"","overlay-type":"","overlay-color":"","overlay-opacity":"","overlay-gradient":""},"tablet":{"background-color":"","background-image":"","background-repeat":"repeat","background-position":"center center","background-size":"auto","background-attachment":"scroll","background-type":"","background-media":"","overlay-type":"","overlay-color":"","overlay-opacity":"","overlay-gradient":""},"mobile":{"background-color":"","background-image":"","background-repeat":"repeat","background-position":"center center","background-size":"auto","background-attachment":"scroll","background-type":"","background-media":"","overlay-type":"","overlay-color":"","overlay-opacity":"","overlay-gradient":""}},"ast-content-background-meta":{"desktop":{"background-color":"var(--ast-global-color-5)","background-image":"","background-repeat":"repeat","background-position":"center center","background-size":"auto","background-attachment":"scroll","background-type":"","background-media":"","overlay-type":"","overlay-color":"","overlay-opacity":"","overlay-gradient":""},"tablet":{"background-color":"var(--ast-global-color-5)","background-image":"","background-repeat":"repeat","background-position":"center center","background-size":"auto","background-attachment":"scroll","background-type":"","background-media":"","overlay-type":"","overlay-color":"","overlay-opacity":"","overlay-gradient":""},"mobile":{"background-color":"var(--ast-global-color-5)","background-image":"","background-repeat":"repeat","background-position":"center center","background-size":"auto","background-attachment":"scroll","background-type":"","background-media":"","overlay-type":"","overlay-color":"","overlay-opacity":"","overlay-gradient":""}},"footnotes":""},"class_list":["post-15913","page","type-page","status-publish","hentry"],"acf":[],"_links":{"self":[{"href":"https:\/\/etivaz-aop.ch\/de\/wp-json\/wp\/v2\/pages\/15913","targetHints":{"allow":["GET"]}}],"collection":[{"href":"https:\/\/etivaz-aop.ch\/de\/wp-json\/wp\/v2\/pages"}],"about":[{"href":"https:\/\/etivaz-aop.ch\/de\/wp-json\/wp\/v2\/types\/page"}],"author":[{"embeddable":true,"href":"https:\/\/etivaz-aop.ch\/de\/wp-json\/wp\/v2\/users\/1138"}],"replies":[{"embeddable":true,"href":"https:\/\/etivaz-aop.ch\/de\/wp-json\/wp\/v2\/comments?post=15913"}],"version-history":[{"count":13,"href":"https:\/\/etivaz-aop.ch\/de\/wp-json\/wp\/v2\/pages\/15913\/revisions"}],"predecessor-version":[{"id":15975,"href":"https:\/\/etivaz-aop.ch\/de\/wp-json\/wp\/v2\/pages\/15913\/revisions\/15975"}],"wp:attachment":[{"href":"https:\/\/etivaz-aop.ch\/de\/wp-json\/wp\/v2\/media?parent=15913"}],"curies":[{"name":"wp","href":"https:\/\/api.w.org\/{rel}","templated":true}]}}