{"id":12575,"date":"2025-03-06T16:38:25","date_gmt":"2025-03-06T15:38:25","guid":{"rendered":"https:\/\/etivaz-aop.ch\/?page_id=12575"},"modified":"2026-02-24T11:39:49","modified_gmt":"2026-02-24T10:39:49","slug":"besuche-vermietungen","status":"publish","type":"page","link":"https:\/\/etivaz-aop.ch\/de\/visites-locations\/","title":{"rendered":"Besuche &amp; Vermietungen"},"content":{"rendered":"<div data-elementor-type=\"wp-page\" data-elementor-id=\"12575\" class=\"elementor elementor-12575\" data-elementor-post-type=\"page\">\n\t\t\t\t<div class=\"elementor-element elementor-element-b1cf29c e-flex e-con-boxed e-con e-parent\" data-id=\"b1cf29c\" data-element_type=\"container\" data-e-type=\"container\" data-settings=\"{&quot;background_background&quot;:&quot;classic&quot;}\">\n\t\t\t\t\t<div class=\"e-con-inner\">\n\t\t\t\t<div class=\"elementor-element elementor-element-38365dc elementor-widget elementor-widget-heading\" data-id=\"38365dc\" data-element_type=\"widget\" data-e-type=\"widget\" data-widget_type=\"heading.default\">\n\t\t\t\t<div class=\"elementor-widget-container\">\n\t\t\t\t\t<h1 class=\"elementor-heading-title elementor-size-default\">L\u2019Etivaz AOP<\/h1>\t\t\t\t<\/div>\n\t\t\t\t<\/div>\n\t\t\t\t\t<\/div>\n\t\t\t\t<\/div>\n\t\t<div class=\"elementor-element elementor-element-4feb6f5 e-flex e-con-boxed e-con e-parent\" data-id=\"4feb6f5\" data-element_type=\"container\" data-e-type=\"container\" id=\"caves\" data-settings=\"{&quot;background_background&quot;:&quot;classic&quot;}\">\n\t\t\t\t\t<div class=\"e-con-inner\">\n\t\t<div class=\"elementor-element elementor-element-ffd2b0d e-con-full e-flex e-con e-child\" data-id=\"ffd2b0d\" data-element_type=\"container\" data-e-type=\"container\" data-settings=\"{&quot;background_background&quot;:&quot;classic&quot;}\">\n\t\t\t\t<\/div>\n\t\t<div class=\"elementor-element elementor-element-f6d3d08 e-con-full e-flex e-con e-child\" data-id=\"f6d3d08\" data-element_type=\"container\" data-e-type=\"container\" data-settings=\"{&quot;background_background&quot;:&quot;classic&quot;}\">\n\t\t\t\t<div class=\"elementor-element elementor-element-7fbd71e elementor-widget elementor-widget-heading\" data-id=\"7fbd71e\" data-element_type=\"widget\" data-e-type=\"widget\" data-widget_type=\"heading.default\">\n\t\t\t\t<div class=\"elementor-widget-container\">\n\t\t\t\t\t<h2 class=\"elementor-heading-title elementor-size-default\">Besuch vom K\u00e4sekeller<\/h2>\t\t\t\t<\/div>\n\t\t\t\t<\/div>\n\t\t\t\t<div class=\"elementor-element elementor-element-de1d38f elementor-widget elementor-widget-text-editor\" data-id=\"de1d38f\" data-element_type=\"widget\" data-e-type=\"widget\" data-widget_type=\"text-editor.default\">\n\t\t\t\t<div class=\"elementor-widget-container\">\n\t\t\t\t\t\t\t\t\t<p>Wir freuen uns, Sie auf Voranmeldung in der Wiege des L'Etivaz AOP begr\u00fc\u00dfen zu d\u00fcrfen!<\/p><p>\u00a0<\/p><p>Auf dem Programm stehen ein Film, F\u00fchrungen durch die Weinkeller, K\u00e4seherstellung in virtueller Realit\u00e4t und eine Verkostung.<\/p>\t\t\t\t\t\t\t\t<\/div>\n\t\t\t\t<\/div>\n\t\t\t\t<div class=\"elementor-element elementor-element-b0b9e8e elementor-mobile-align-justify elementor-widget elementor-widget-button\" data-id=\"b0b9e8e\" data-element_type=\"widget\" data-e-type=\"widget\" data-widget_type=\"button.default\">\n\t\t\t\t<div class=\"elementor-widget-container\">\n\t\t\t\t\t\t\t\t\t<div class=\"elementor-button-wrapper\">\n\t\t\t\t\t<a class=\"elementor-button elementor-button-link elementor-size-sm\" href=\"https:\/\/etivaz-aop.ch\/wp-content\/uploads\/2026\/02\/Tarif-visites-Maison-de-LEtivaz-en-fomat-PDF-3.pdf\" target=\"_blank\">\n\t\t\t\t\t\t<span class=\"elementor-button-content-wrapper\">\n\t\t\t\t\t\t<span class=\"elementor-button-icon\">\n\t\t\t\t<svg xmlns=\"http:\/\/www.w3.org\/2000\/svg\" width=\"20\" height=\"20\" viewbox=\"0 0 20 20\" fill=\"none\"><rect width=\"20\" height=\"20\" rx=\"10\" fill=\"white\"><\/rect><path d=\"M7 7L13 13L7 7Z\" fill=\"white\"><\/path><path d=\"M13 7V13H7\" fill=\"white\"><\/path><path d=\"M7 7L13 13M13 13V7M13 13H7\" stroke=\"#DA0022\" stroke-linecap=\"round\" stroke-linejoin=\"round\"><\/path><\/svg>\t\t\t<\/span>\n\t\t\t\t\t\t\t\t\t<span class=\"elementor-button-text\">Preise &amp; Leistungen<\/span>\n\t\t\t\t\t<\/span>\n\t\t\t\t\t<\/a>\n\t\t\t\t<\/div>\n\t\t\t\t\t\t\t\t<\/div>\n\t\t\t\t<\/div>\n\t\t\t\t<div class=\"elementor-element elementor-element-efa540a elementor-tablet-align-justify elementor-widget elementor-widget-button\" data-id=\"efa540a\" data-element_type=\"widget\" data-e-type=\"widget\" data-widget_type=\"button.default\">\n\t\t\t\t<div class=\"elementor-widget-container\">\n\t\t\t\t\t\t\t\t\t<div class=\"elementor-button-wrapper\">\n\t\t\t\t\t<a class=\"elementor-button elementor-button-link elementor-size-sm\" href=\"#elementor-action%3Aaction%3Dpopup%3Aopen%26settings%3DeyJpZCI6IjEwMjQ2IiwidG9nZ2xlIjpmYWxzZX0%3D\">\n\t\t\t\t\t\t<span class=\"elementor-button-content-wrapper\">\n\t\t\t\t\t\t<span class=\"elementor-button-icon\">\n\t\t\t\t<svg xmlns=\"http:\/\/www.w3.org\/2000\/svg\" width=\"20\" height=\"20\" viewbox=\"0 0 20 20\" fill=\"none\"><rect width=\"20\" height=\"20\" rx=\"10\" fill=\"white\"><\/rect><path d=\"M7 7L13 13L7 7Z\" fill=\"white\"><\/path><path d=\"M13 7V13H7\" fill=\"white\"><\/path><path d=\"M7 7L13 13M13 13V7M13 13H7\" stroke=\"#DA0022\" stroke-linecap=\"round\" stroke-linejoin=\"round\"><\/path><\/svg>\t\t\t<\/span>\n\t\t\t\t\t\t\t\t\t<span class=\"elementor-button-text\">Reservierung<\/span>\n\t\t\t\t\t<\/span>\n\t\t\t\t\t<\/a>\n\t\t\t\t<\/div>\n\t\t\t\t\t\t\t\t<\/div>\n\t\t\t\t<\/div>\n\t\t\t\t<\/div>\n\t\t\t\t\t<\/div>\n\t\t\t\t<\/div>\n\t\t<div class=\"elementor-element elementor-element-6e0f7ca e-flex e-con-boxed e-con e-parent\" data-id=\"6e0f7ca\" data-element_type=\"container\" data-e-type=\"container\" id=\"maison-etivaz\" data-settings=\"{&quot;background_background&quot;:&quot;classic&quot;}\">\n\t\t\t\t\t<div class=\"e-con-inner\">\n\t\t<div class=\"elementor-element elementor-element-e671b97 e-con-full e-flex e-con e-child\" data-id=\"e671b97\" data-element_type=\"container\" data-e-type=\"container\" data-settings=\"{&quot;background_background&quot;:&quot;classic&quot;}\">\n\t\t\t\t<\/div>\n\t\t<div class=\"elementor-element elementor-element-2729545 e-con-full e-flex e-con e-child\" data-id=\"2729545\" data-element_type=\"container\" data-e-type=\"container\" data-settings=\"{&quot;background_background&quot;:&quot;classic&quot;}\">\n\t\t\t\t<div class=\"elementor-element elementor-element-c264a61 elementor-widget elementor-widget-heading\" data-id=\"c264a61\" data-element_type=\"widget\" data-e-type=\"widget\" data-widget_type=\"heading.default\">\n\t\t\t\t<div class=\"elementor-widget-container\">\n\t\t\t\t\t<h2 class=\"elementor-heading-title elementor-size-default\">Im Haus von L'Etivaz<\/h2>\t\t\t\t<\/div>\n\t\t\t\t<\/div>\n\t\t\t\t<div class=\"elementor-element elementor-element-ddbd1c7 elementor-widget elementor-widget-text-editor\" data-id=\"ddbd1c7\" data-element_type=\"widget\" data-e-type=\"widget\" data-widget_type=\"text-editor.default\">\n\t\t\t\t<div class=\"elementor-widget-container\">\n\t\t\t\t\t\t\t\t\t<p>In der Maison de L\u2019Etivaz k\u00f6nnen Sie je nach Saison 3 bis 4 verschiedene Reifungen von L\u2019Etivaz AOP probieren, die direkt aus den Reifekellern nebenan geliefert werden.<\/p><p>\u00a0<\/p><p>Neben einer cremigen und typischen Fonduemischung 100% L'Etivaz AOP finden Sie auch verschiedene Variationen in geriebenem K\u00e4se, Rebibe, W\u00fcrfeln, knusprigen Fl\u00fbtes etc.<\/p><p>\u00a0<\/p><p>Es ist auch die Begegnung mit zahlreichen regionalen Spezialit\u00e4ten, haupts\u00e4chlich aus dem Pays-d'Enhaut. Kr\u00e4utertees, K\u00e4se, Wurst, Konditoreispezialit\u00e4ten - f\u00fcr jeden Geschmack ist etwas dabei. Wenn Sie nach Ihrem Aufenthalt in der Region ein kleines Souvenir mitnehmen m\u00f6chten, finden Sie in der Boutique-Ecke verschiedene Artikel, darunter auch Kleidung mit dem Logo von L'Etivaz AOP.<\/p><p>\u00a0<\/p><p>\u00d6ffnungszeiten Juni - August<br \/>Montag - Sonntag : 8:00-18:30 Uhr<br \/>Sonntag und Ferientage : 9:00 - 17:00 Uhr<\/p><p>\u00a0<\/p><p>\u00d6ffnungszeiten (September - Mai)<br \/>Montag - Samstag : 8:00-12:30 &amp; 13:30-17:30 Uhr<\/p><p><br \/>Sonntag und Ferientage : 9:00 - 17:00 Uhr<br \/>Das Gesch\u00e4ft ist am 24. Dezember ab 12 Uhr, am 25. Dezember, am 31. Dezember ab 12 Uhr und am 1. Januar geschlossen.<\/p>\t\t\t\t\t\t\t\t<\/div>\n\t\t\t\t<\/div>\n\t\t\t\t<div class=\"elementor-element elementor-element-d6e6679 elementor-widget elementor-widget-button\" data-id=\"d6e6679\" data-element_type=\"widget\" data-e-type=\"widget\" data-widget_type=\"button.default\">\n\t\t\t\t<div class=\"elementor-widget-container\">\n\t\t\t\t\t\t\t\t\t<div class=\"elementor-button-wrapper\">\n\t\t\t\t\t<a class=\"elementor-button elementor-button-link elementor-size-sm\" href=\"https:\/\/etivaz-aop.ch\/de\/contact\/\">\n\t\t\t\t\t\t<span class=\"elementor-button-content-wrapper\">\n\t\t\t\t\t\t<span class=\"elementor-button-icon\">\n\t\t\t\t<svg xmlns=\"http:\/\/www.w3.org\/2000\/svg\" width=\"20\" height=\"20\" viewbox=\"0 0 20 20\" fill=\"none\"><rect width=\"20\" height=\"20\" rx=\"10\" fill=\"white\"><\/rect><path d=\"M7 7L13 13L7 7Z\" fill=\"white\"><\/path><path d=\"M13 7V13H7\" fill=\"white\"><\/path><path d=\"M7 7L13 13M13 13V7M13 13H7\" stroke=\"#DA0022\" stroke-linecap=\"round\" stroke-linejoin=\"round\"><\/path><\/svg>\t\t\t<\/span>\n\t\t\t\t\t\t\t\t\t<span class=\"elementor-button-text\">Kontakt<\/span>\n\t\t\t\t\t<\/span>\n\t\t\t\t\t<\/a>\n\t\t\t\t<\/div>\n\t\t\t\t\t\t\t\t<\/div>\n\t\t\t\t<\/div>\n\t\t\t\t<\/div>\n\t\t\t\t\t<\/div>\n\t\t\t\t<\/div>\n\t\t<div class=\"elementor-element elementor-element-e688462 e-flex e-con-boxed e-con e-parent\" data-id=\"e688462\" data-element_type=\"container\" data-e-type=\"container\" id=\"location\" data-settings=\"{&quot;background_background&quot;:&quot;classic&quot;}\">\n\t\t\t\t\t<div class=\"e-con-inner\">\n\t\t<div class=\"elementor-element elementor-element-1bdb510 e-con-full e-flex e-con e-child\" data-id=\"1bdb510\" data-element_type=\"container\" data-e-type=\"container\" data-settings=\"{&quot;background_background&quot;:&quot;classic&quot;}\">\n\t\t\t\t<\/div>\n\t\t<div class=\"elementor-element elementor-element-7e518d0 e-con-full e-flex e-con e-child\" data-id=\"7e518d0\" data-element_type=\"container\" data-e-type=\"container\" data-settings=\"{&quot;background_background&quot;:&quot;classic&quot;}\">\n\t\t\t\t<div class=\"elementor-element elementor-element-2ce1a29 elementor-widget elementor-widget-heading\" data-id=\"2ce1a29\" data-element_type=\"widget\" data-e-type=\"widget\" data-widget_type=\"heading.default\">\n\t\t\t\t<div class=\"elementor-widget-container\">\n\t\t\t\t\t<h2 class=\"elementor-heading-title elementor-size-default\">Vermietung Dorfsaal<\/h2>\t\t\t\t<\/div>\n\t\t\t\t<\/div>\n\t\t\t\t<div class=\"elementor-element elementor-element-8461aba elementor-widget elementor-widget-text-editor\" data-id=\"8461aba\" data-element_type=\"widget\" data-e-type=\"widget\" data-widget_type=\"text-editor.default\">\n\t\t\t\t<div class=\"elementor-widget-container\">\n\t\t\t\t\t\t\t\t\t<p>Mieten Sie unseren tollen Dorfraum im Obergeschoss des Ladens!<\/p><p>\u00a0<\/p><p>Mit einer Kapazit\u00e4t von ca. 160 Personen, einer voll ausgestatteten K\u00fcche, WLAN-Zugang, Beamer mit Bildschirm finden Sie den ganzen Charme der Rustikalit\u00e4t verbunden mit modernem Komfort.<\/p>\t\t\t\t\t\t\t\t<\/div>\n\t\t\t\t<\/div>\n\t\t\t\t<div class=\"elementor-element elementor-element-e9145ad elementor-widget elementor-widget-button\" data-id=\"e9145ad\" data-element_type=\"widget\" data-e-type=\"widget\" data-widget_type=\"button.default\">\n\t\t\t\t<div class=\"elementor-widget-container\">\n\t\t\t\t\t\t\t\t\t<div class=\"elementor-button-wrapper\">\n\t\t\t\t\t<a class=\"elementor-button elementor-button-link elementor-size-sm\" href=\"https:\/\/etivaz-aop.ch\/wp-content\/uploads\/2025\/02\/Location-salle-villageoise.png\">\n\t\t\t\t\t\t<span class=\"elementor-button-content-wrapper\">\n\t\t\t\t\t\t<span class=\"elementor-button-icon\">\n\t\t\t\t<svg xmlns=\"http:\/\/www.w3.org\/2000\/svg\" width=\"20\" height=\"20\" viewbox=\"0 0 20 20\" fill=\"none\"><rect width=\"20\" height=\"20\" rx=\"10\" fill=\"white\"><\/rect><path d=\"M7 7L13 13L7 7Z\" fill=\"white\"><\/path><path d=\"M13 7V13H7\" fill=\"white\"><\/path><path d=\"M7 7L13 13M13 13V7M13 13H7\" stroke=\"#DA0022\" stroke-linecap=\"round\" stroke-linejoin=\"round\"><\/path><\/svg>\t\t\t<\/span>\n\t\t\t\t\t\t\t\t\t<span class=\"elementor-button-text\">Tarife<\/span>\n\t\t\t\t\t<\/span>\n\t\t\t\t\t<\/a>\n\t\t\t\t<\/div>\n\t\t\t\t\t\t\t\t<\/div>\n\t\t\t\t<\/div>\n\t\t\t\t<div class=\"elementor-element elementor-element-e0525e9 elementor-widget elementor-widget-button\" data-id=\"e0525e9\" data-element_type=\"widget\" data-e-type=\"widget\" data-widget_type=\"button.default\">\n\t\t\t\t<div class=\"elementor-widget-container\">\n\t\t\t\t\t\t\t\t\t<div class=\"elementor-button-wrapper\">\n\t\t\t\t\t<a class=\"elementor-button elementor-button-link elementor-size-sm\" href=\"https:\/\/etivaz-aop.ch\/de\/contact\/\">\n\t\t\t\t\t\t<span class=\"elementor-button-content-wrapper\">\n\t\t\t\t\t\t<span class=\"elementor-button-icon\">\n\t\t\t\t<svg xmlns=\"http:\/\/www.w3.org\/2000\/svg\" width=\"20\" height=\"20\" viewbox=\"0 0 20 20\" fill=\"none\"><rect width=\"20\" height=\"20\" rx=\"10\" fill=\"white\"><\/rect><path d=\"M7 7L13 13L7 7Z\" fill=\"white\"><\/path><path d=\"M13 7V13H7\" fill=\"white\"><\/path><path d=\"M7 7L13 13M13 13V7M13 13H7\" stroke=\"#DA0022\" stroke-linecap=\"round\" stroke-linejoin=\"round\"><\/path><\/svg>\t\t\t<\/span>\n\t\t\t\t\t\t\t\t\t<span class=\"elementor-button-text\">Reservierung<\/span>\n\t\t\t\t\t<\/span>\n\t\t\t\t\t<\/a>\n\t\t\t\t<\/div>\n\t\t\t\t\t\t\t\t<\/div>\n\t\t\t\t<\/div>\n\t\t\t\t<\/div>\n\t\t\t\t\t<\/div>\n\t\t\t\t<\/div>\n\t\t\t\t<\/div>","protected":false},"excerpt":{"rendered":"<p>L\u2019Etivaz AOP Visitez nos caves d\u2019affinage Nous nous r\u00e9jouissons de vous accueillir sur r\u00e9servation dans le berceau du L\u2019Etivaz AOP ! \u00a0 Au programme : film, visites guid\u00e9es des caves, fabrication du fromage en r\u00e9alit\u00e9 virtuelle et d\u00e9gustation. Tarifs &amp; Prestations R\u00e9servation A la Maison de L\u2019Etivaz A la Maison de L\u2019Etivaz, selon la saison, [&hellip;]<\/p>\n","protected":false},"author":330,"featured_media":0,"parent":0,"menu_order":0,"comment_status":"closed","ping_status":"closed","template":"","meta":{"_acf_changed":false,"site-sidebar-layout":"no-sidebar","site-content-layout":"page-builder","ast-site-content-layout":"full-width-container","site-content-style":"default","site-sidebar-style":"default","ast-global-header-display":"","ast-banner-title-visibility":"","ast-main-header-display":"","ast-hfb-above-header-display":"","ast-hfb-below-header-display":"","ast-hfb-mobile-header-display":"","site-post-title":"disabled","ast-breadcrumbs-content":"","ast-featured-img":"disabled","footer-sml-layout":"","ast-disable-related-posts":"","theme-transparent-header-meta":"","adv-header-id-meta":"","stick-header-meta":"","header-above-stick-meta":"","header-main-stick-meta":"","header-below-stick-meta":"","astra-migrate-meta-layouts":"set","ast-page-background-enabled":"default","ast-page-background-meta":{"desktop":{"background-color":"","background-image":"","background-repeat":"repeat","background-position":"center center","background-size":"auto","background-attachment":"scroll","background-type":"","background-media":"","overlay-type":"","overlay-color":"","overlay-opacity":"","overlay-gradient":""},"tablet":{"background-color":"","background-image":"","background-repeat":"repeat","background-position":"center center","background-size":"auto","background-attachment":"scroll","background-type":"","background-media":"","overlay-type":"","overlay-color":"","overlay-opacity":"","overlay-gradient":""},"mobile":{"background-color":"","background-image":"","background-repeat":"repeat","background-position":"center center","background-size":"auto","background-attachment":"scroll","background-type":"","background-media":"","overlay-type":"","overlay-color":"","overlay-opacity":"","overlay-gradient":""}},"ast-content-background-meta":{"desktop":{"background-color":"var(--ast-global-color-5)","background-image":"","background-repeat":"repeat","background-position":"center center","background-size":"auto","background-attachment":"scroll","background-type":"","background-media":"","overlay-type":"","overlay-color":"","overlay-opacity":"","overlay-gradient":""},"tablet":{"background-color":"var(--ast-global-color-5)","background-image":"","background-repeat":"repeat","background-position":"center center","background-size":"auto","background-attachment":"scroll","background-type":"","background-media":"","overlay-type":"","overlay-color":"","overlay-opacity":"","overlay-gradient":""},"mobile":{"background-color":"var(--ast-global-color-5)","background-image":"","background-repeat":"repeat","background-position":"center center","background-size":"auto","background-attachment":"scroll","background-type":"","background-media":"","overlay-type":"","overlay-color":"","overlay-opacity":"","overlay-gradient":""}},"footnotes":""},"class_list":["post-12575","page","type-page","status-publish","hentry"],"acf":[],"_links":{"self":[{"href":"https:\/\/etivaz-aop.ch\/de\/wp-json\/wp\/v2\/pages\/12575","targetHints":{"allow":["GET"]}}],"collection":[{"href":"https:\/\/etivaz-aop.ch\/de\/wp-json\/wp\/v2\/pages"}],"about":[{"href":"https:\/\/etivaz-aop.ch\/de\/wp-json\/wp\/v2\/types\/page"}],"author":[{"embeddable":true,"href":"https:\/\/etivaz-aop.ch\/de\/wp-json\/wp\/v2\/users\/330"}],"replies":[{"embeddable":true,"href":"https:\/\/etivaz-aop.ch\/de\/wp-json\/wp\/v2\/comments?post=12575"}],"version-history":[{"count":40,"href":"https:\/\/etivaz-aop.ch\/de\/wp-json\/wp\/v2\/pages\/12575\/revisions"}],"predecessor-version":[{"id":15838,"href":"https:\/\/etivaz-aop.ch\/de\/wp-json\/wp\/v2\/pages\/12575\/revisions\/15838"}],"wp:attachment":[{"href":"https:\/\/etivaz-aop.ch\/de\/wp-json\/wp\/v2\/media?parent=12575"}],"curies":[{"name":"wp","href":"https:\/\/api.w.org\/{rel}","templated":true}]}}