{"id":4468,"date":"2021-02-03T16:38:46","date_gmt":"2021-02-03T15:38:46","guid":{"rendered":"https:\/\/shop-etivaz-aop.techniconcept.ch\/?post_type=product&#038;p=4468"},"modified":"2025-02-17T08:52:07","modified_gmt":"2025-02-17T07:52:07","slug":"rape-au-letivaz-aop","status":"publish","type":"product","link":"http:\/\/etivaz-aop.ch\/de\/produit\/rape-au-letivaz-aop\/","title":{"rendered":"Geriebenes aus L'Etivaz AOP<br\/><span class=\"subtitle\">(+4.5 Monate - 100g)<\/span>"},"content":{"rendered":"<p>Der geriebene K\u00e4se von L'Etivaz AOP ist eine Hommage an die alpenl\u00e4ndischen und blumigen Aromen, die typisch f\u00fcr Bergk\u00e4se sind. Er schmilzt extrem gut und ist der ideale Partner f\u00fcr Gratins, Lasagne, Quiches oder zur subtilen Verfeinerung traditioneller Nudelgerichte. Wie auch immer Sie ihn verwenden, sein Geschmack wird selbst die einfachsten Kreationen veredeln!<\/p>\n<p><em><strong>Hinweis f\u00fcr Feinschmecker:<\/strong> Geriebener K\u00e4se ist im Gefrierschrank bis zu 6 Monate haltbar, ohne dass sich der Geschmack ver\u00e4ndert, also z\u00f6gern Sie nicht! Es ist immer gut, wenn Sie einen zur Hand haben!<\/em><\/p>","protected":false},"excerpt":{"rendered":"<p>Geriebener Etivaz AOP, die unumg\u00e4ngliche Zutat zur Verfeinerung all Ihrer Gerichte, die mit K\u00e4se gekocht oder begleitet werden.<\/p>","protected":false},"featured_media":4539,"template":"","meta":{"_acf_changed":false,"site-sidebar-layout":"default","site-content-layout":"default","ast-site-content-layout":"default","site-content-style":"default","site-sidebar-style":"default","ast-global-header-display":"","ast-banner-title-visibility":"","ast-main-header-display":"","ast-hfb-above-header-display":"","ast-hfb-below-header-display":"","ast-hfb-mobile-header-display":"","site-post-title":"","ast-breadcrumbs-content":"","ast-featured-img":"","footer-sml-layout":"","ast-disable-related-posts":"","theme-transparent-header-meta":"default","adv-header-id-meta":"","stick-header-meta":"","header-above-stick-meta":"","header-main-stick-meta":"","header-below-stick-meta":"","astra-migrate-meta-layouts":"set","ast-page-background-enabled":"default","ast-page-background-meta":{"desktop":{"background-color":"","background-image":"","background-repeat":"repeat","background-position":"center center","background-size":"auto","background-attachment":"scroll","background-type":"","background-media":"","overlay-type":"","overlay-color":"","overlay-opacity":"","overlay-gradient":""},"tablet":{"background-color":"","background-image":"","background-repeat":"repeat","background-position":"center center","background-size":"auto","background-attachment":"scroll","background-type":"","background-media":"","overlay-type":"","overlay-color":"","overlay-opacity":"","overlay-gradient":""},"mobile":{"background-color":"","background-image":"","background-repeat":"repeat","background-position":"center center","background-size":"auto","background-attachment":"scroll","background-type":"","background-media":"","overlay-type":"","overlay-color":"","overlay-opacity":"","overlay-gradient":""}},"ast-content-background-meta":{"desktop":{"background-color":"var(--ast-global-color-5)","background-image":"","background-repeat":"repeat","background-position":"center center","background-size":"auto","background-attachment":"scroll","background-type":"","background-media":"","overlay-type":"","overlay-color":"","overlay-opacity":"","overlay-gradient":""},"tablet":{"background-color":"var(--ast-global-color-5)","background-image":"","background-repeat":"repeat","background-position":"center center","background-size":"auto","background-attachment":"scroll","background-type":"","background-media":"","overlay-type":"","overlay-color":"","overlay-opacity":"","overlay-gradient":""},"mobile":{"background-color":"var(--ast-global-color-5)","background-image":"","background-repeat":"repeat","background-position":"center center","background-size":"auto","background-attachment":"scroll","background-type":"","background-media":"","overlay-type":"","overlay-color":"","overlay-opacity":"","overlay-gradient":""}}},"product_brand":[],"product_cat":[33,55],"product_tag":[],"class_list":{"0":"post-4468","1":"product","2":"type-product","3":"status-publish","4":"has-post-thumbnail","6":"product_cat-fromages","7":"product_cat-letivaz-aop-conventionnel","8":"product_shipping_class-prioritaire","9":"desktop-align-center","10":"tablet-align-center","11":"mobile-align-center","13":"first","14":"outofstock","15":"featured","16":"taxable","17":"shipping-taxable","18":"purchasable","19":"product-type-simple"},"acf":[],"_links":{"self":[{"href":"http:\/\/etivaz-aop.ch\/de\/wp-json\/wp\/v2\/product\/4468","targetHints":{"allow":["GET"]}}],"collection":[{"href":"http:\/\/etivaz-aop.ch\/de\/wp-json\/wp\/v2\/product"}],"about":[{"href":"http:\/\/etivaz-aop.ch\/de\/wp-json\/wp\/v2\/types\/product"}],"wp:featuredmedia":[{"embeddable":true,"href":"http:\/\/etivaz-aop.ch\/de\/wp-json\/wp\/v2\/media\/4539"}],"wp:attachment":[{"href":"http:\/\/etivaz-aop.ch\/de\/wp-json\/wp\/v2\/media?parent=4468"}],"wp:term":[{"taxonomy":"product_brand","embeddable":true,"href":"http:\/\/etivaz-aop.ch\/de\/wp-json\/wp\/v2\/product_brand?post=4468"},{"taxonomy":"product_cat","embeddable":true,"href":"http:\/\/etivaz-aop.ch\/de\/wp-json\/wp\/v2\/product_cat?post=4468"},{"taxonomy":"product_tag","embeddable":true,"href":"http:\/\/etivaz-aop.ch\/de\/wp-json\/wp\/v2\/product_tag?post=4468"}],"curies":[{"name":"wp","href":"https:\/\/api.w.org\/{rel}","templated":true}]}}